{"id":11720,"date":"2023-09-26T08:07:18","date_gmt":"2023-09-26T08:07:18","guid":{"rendered":"https:\/\/melita-partners.com\/?page_id=11720"},"modified":"2025-12-19T11:31:58","modified_gmt":"2025-12-19T11:31:58","slug":"politika-e-cilesise","status":"publish","type":"page","link":"https:\/\/melita-partners.com\/en\/politika-e-cilesise\/","title":{"rendered":"Quality Policy"},"content":{"rendered":"<div data-elementor-type=\"wp-page\" data-elementor-id=\"11720\" class=\"elementor elementor-11720\" data-elementor-post-type=\"page\">\n\t\t\t\t<div class=\"elementor-element elementor-element-5076bc7 e-flex e-con-boxed e-con e-parent\" data-id=\"5076bc7\" data-element_type=\"container\" data-e-type=\"container\">\n\t\t\t\t\t<div class=\"e-con-inner\">\n\t\t\t\t<div class=\"elementor-element elementor-element-e278d0e elementor-widget__width-initial elementor-widget-tablet__width-inherit elementor-widget-mobile__width-inherit elementor-invisible elementor-widget elementor-widget-heading\" data-id=\"e278d0e\" data-element_type=\"widget\" data-e-type=\"widget\" data-settings=\"{&quot;_animation&quot;:&quot;fadeInUp&quot;}\" data-widget_type=\"heading.default\">\n\t\t\t\t<div class=\"elementor-widget-container\">\n\t\t\t\t\t<h1 class=\"elementor-heading-title elementor-size-default\">Quality Policy<\/h1>\t\t\t\t<\/div>\n\t\t\t\t<\/div>\n\t\t\t\t<div class=\"elementor-element elementor-element-6c556bb elementor-widget elementor-widget-spacer\" data-id=\"6c556bb\" data-element_type=\"widget\" data-e-type=\"widget\" data-widget_type=\"spacer.default\">\n\t\t\t\t<div class=\"elementor-widget-container\">\n\t\t\t\t\t\t\t<div class=\"elementor-spacer\">\n\t\t\t<div class=\"elementor-spacer-inner\"><\/div>\n\t\t<\/div>\n\t\t\t\t\t\t<\/div>\n\t\t\t\t<\/div>\n\t\t<div class=\"elementor-element elementor-element-3fcda90 e-con-full e-flex e-con e-child\" data-id=\"3fcda90\" data-element_type=\"container\" data-e-type=\"container\">\n\t\t<div class=\"elementor-element elementor-element-db82b6b e-flex e-con-boxed e-con e-child\" data-id=\"db82b6b\" data-element_type=\"container\" data-e-type=\"container\">\n\t\t\t\t\t<div class=\"e-con-inner\">\n\t\t\t\t<div class=\"elementor-element elementor-element-bc0ec7e elementor-widget__width-inherit elementor-widget elementor-widget-text-editor\" data-id=\"bc0ec7e\" data-element_type=\"widget\" data-e-type=\"widget\" data-widget_type=\"text-editor.default\">\n\t\t\t\t<div class=\"elementor-widget-container\">\n\t\t\t\t\t\t\t\t\t<p><strong>Melita &amp; Partners <\/strong>is committed to providing high-quality digital accounting services, business solutions and ongoing support, along with training opportunities. Our quality policy reflects our commitment to meet and exceed customer expectations by complying with the requirements of ISO 9001:2015. To ensure this, our services are subject to a series of controls which are monitored by our competent project management team, the leadership of the ISO Team and other personnel defined as essential involved in the operation and training processes.<\/p><p>Our commitment to quality is further demonstrated through regular internal audits and assessments by external certification bodies. These processes help us to continuously improve our services and maintain the highest quality standards.<\/p><p>To effectively achieve our quality policy, <strong>Melita &amp; Partners<\/strong> is dedicated to:<\/p><ul><li><u>Customer centric approach:<\/u> We put our clients' interests and goals first as we work to understand their unique needs. We ensure that our solutions and services fully meet the requirements of our customers' enterprises by keeping the lines of communication open and listening when they speak;<\/li><li><u>Compliance and Best Practices<\/u>: To ensure maximum efficiency, we implement the requirements of ISO 9001:2015 and make continuous improvements to our quality management system. Our team is committed to using industry best practices and staying abreast of the latest technological developments and tax legislation;<\/li><li><u>Competent and trained staff:<\/u> To increase the knowledge and expertise of our team, we invest in their professional development. Our staff members are extremely skilled in providing accurate financial advice and recommending the best solutions to meet our clients' needs;<\/li><li><u>Fast and reliable services:<\/u> We are aware of the value of speed in handling our customers' requests. Our procedures are implemented to provide timely services by guaranteeing the accuracy and timeliness of services. Our aim is to quickly and effectively provide reliable business management solutions and other agreed services;<\/li><li><u>Data confidentiality and security:<\/u> We manage our clients' financial information in the strictest confidence and with maximum data security based on the requirements of ISO\/IEC 27001:2022. Our commitment to protecting sensitive information fosters customer confidence and ensures the confidentiality of their financial data;<\/li><li><u>Continuous Improvement<\/u>: We monitor and evaluate our operations and performance on a regular basis to find room for growth. We stay at the edge of the market and offer our customers more value by constantly improving our services and solutions.<\/li><li><u>Regulatory compliance<\/u>: We comply with any applicable laws, regulations and industry standards. Our services and solutions are designed in accordance with the exact specifications prescribed by the relevant authorities;<\/li><li>We promote a culture of excellence, integrity and professionalism through our quality policy.<\/li><\/ul>\t\t\t\t\t\t\t\t<\/div>\n\t\t\t\t<\/div>\n\t\t\t\t<div class=\"elementor-element elementor-element-9295d1f elementor-widget elementor-widget-text-editor\" data-id=\"9295d1f\" data-element_type=\"widget\" data-e-type=\"widget\" data-widget_type=\"text-editor.default\">\n\t\t\t\t<div class=\"elementor-widget-container\">\n\t\t\t\t\t\t\t\t\t<p>Furthermore, SMC i <strong>Melita &amp; Partners<\/strong> is integrated with SMSI based on ISO\/IEC 27001:2022 requirements in SIM \u2013 Integrated Management System.<\/p>\t\t\t\t\t\t\t\t<\/div>\n\t\t\t\t<\/div>\n\t\t\t\t<div class=\"elementor-element elementor-element-aae94a6 elementor-widget elementor-widget-text-editor\" data-id=\"aae94a6\" data-element_type=\"widget\" data-e-type=\"widget\" data-widget_type=\"text-editor.default\">\n\t\t\t\t<div class=\"elementor-widget-container\">\n\t\t\t\t\t\t\t\t\t<p><span style=\"text-decoration: underline;\"><b>The management of Melita &amp; Partners is responsible for ensuring that the Quality Management System Policy is:<\/b><\/span><\/p><ul><li style=\"font-weight: 400;\" aria-level=\"1\"><span style=\"font-weight: 400;\">Appropriate for the purpose of the organization;\u00a0\u00a0<\/span><\/li><li style=\"font-weight: 400;\" aria-level=\"1\"><span style=\"font-weight: 400;\">Contains continuous commitment to constantly improve the effectiveness of the Integrated Management System to ensure conformity and compliance with Laws, Regulations, Administrative Instructions and Standards in Force;\u00a0<\/span><\/li><li style=\"font-weight: 400;\" aria-level=\"1\"><span style=\"font-weight: 400;\">Establishes a framework for creating and further revising the objectives of the Quality Management System;\u00a0<\/span><\/li><li style=\"font-weight: 400;\" aria-level=\"1\"><span style=\"font-weight: 400;\">Communicated regularly within management and understood within the organization; and\u00a0<\/span><\/li><li style=\"font-weight: 400;\" aria-level=\"1\"><span style=\"font-weight: 400;\">It is regularly reviewed to enable appropriateness.<\/span><\/li><\/ul>\t\t\t\t\t\t\t\t<\/div>\n\t\t\t\t<\/div>\n\t\t\t\t<div class=\"elementor-element elementor-element-5777736 elementor-widget elementor-widget-text-editor\" data-id=\"5777736\" data-element_type=\"widget\" data-e-type=\"widget\" data-widget_type=\"text-editor.default\">\n\t\t\t\t<div class=\"elementor-widget-container\">\n\t\t\t\t\t\t\t\t\t<p><span style=\"font-weight: 400;\">The ISO team is responsible for ensuring that the Quality Management System (QMS) Policy is reviewed during the Management Review process.<\/span><\/p>\t\t\t\t\t\t\t\t<\/div>\n\t\t\t\t<\/div>\n\t\t\t\t\t<\/div>\n\t\t\t\t<\/div>\n\t\t<div class=\"elementor-element elementor-element-1d59fed e-con-full e-flex e-con e-child\" data-id=\"1d59fed\" data-element_type=\"container\" data-e-type=\"container\">\n\t\t\t\t<div class=\"elementor-element elementor-element-fb86bd1 elementor-widget__width-inherit elementor-widget elementor-widget-image\" data-id=\"fb86bd1\" data-element_type=\"widget\" data-e-type=\"widget\" data-widget_type=\"image.default\">\n\t\t\t\t<div class=\"elementor-widget-container\">\n\t\t\t\t\t\t\t\t\t\t\t\t\t\t\t<img fetchpriority=\"high\" decoding=\"async\" width=\"580\" height=\"742\" src=\"https:\/\/melita-partners.com\/wp-content\/uploads\/2025\/12\/iso_9001.png\" class=\"attachment-full size-full wp-image-15702\" alt=\"image\" srcset=\"https:\/\/melita-partners.com\/wp-content\/uploads\/2025\/12\/iso_9001.png 580w, https:\/\/melita-partners.com\/wp-content\/uploads\/2025\/12\/iso_9001-235x300.png 235w, https:\/\/melita-partners.com\/wp-content\/uploads\/2025\/12\/iso_9001-9x12.png 9w\" sizes=\"(max-width: 580px) 100vw, 580px\" \/>\t\t\t\t\t\t\t\t\t\t\t\t\t\t\t<\/div>\n\t\t\t\t<\/div>\n\t\t\t\t<\/div>\n\t\t\t\t<\/div>\n\t\t\t\t\t<\/div>\n\t\t\t\t<\/div>\n\t\t\t\t<\/div>","protected":false},"excerpt":{"rendered":"<p>Politika e Cil\u00ebsis\u00eb Melita &amp; Partners \u00ebsht\u00eb e p\u00ebrkushtuar t\u00eb ofroj\u00eb sh\u00ebrbime t\u00eb kontabilitetit dixhital me cil\u00ebsi t\u00eb lart\u00eb, zgjidhje biznesi dhe mb\u00ebshtetje t\u00eb vazhdueshme, s\u00eb bashku me mund\u00ebsit\u00eb e trajnimit. Politika jon\u00eb e cil\u00ebsis\u00eb pasqyron p\u00ebrkushtimin ton\u00eb p\u00ebr t\u00eb p\u00ebrmbushur dhe tejkaluar pritshm\u00ebrit\u00eb e klient\u00ebve duke qen\u00eb n\u00eb p\u00ebrputhje me k\u00ebrkesat e ISO 9001:2015. [&hellip;]<\/p>\n","protected":false},"author":17,"featured_media":0,"parent":0,"menu_order":0,"comment_status":"closed","ping_status":"closed","template":"","meta":{"_acf_changed":false,"footnotes":""},"class_list":["post-11720","page","type-page","status-publish","hentry"],"acf":[],"yoast_head":"<!-- This site is optimized with the Yoast SEO plugin v27.1.1 - https:\/\/yoast.com\/product\/yoast-seo-wordpress\/ -->\n<title>Politika e Cil\u00ebsis\u00eb<\/title>\n<meta name=\"robots\" content=\"noindex, follow, max-snippet:-1, max-image-preview:large, max-video-preview:-1\" \/>\n<meta property=\"og:locale\" content=\"en_US\" \/>\n<meta property=\"og:type\" content=\"article\" \/>\n<meta property=\"og:title\" content=\"Politika e Cil\u00ebsis\u00eb\" \/>\n<meta property=\"og:url\" content=\"https:\/\/melita-partners.com\/en\/politika-e-cilesise\/\" \/>\n<meta property=\"og:site_name\" content=\"Melita and Partners\" \/>\n<meta property=\"article:publisher\" content=\"https:\/\/www.facebook.com\/Melita.Partners\" \/>\n<meta property=\"article:modified_time\" content=\"2025-12-19T11:31:58+00:00\" \/>\n<meta property=\"og:image\" content=\"https:\/\/melita-partners.com\/wp-content\/uploads\/2025\/12\/iso_9001.png\" \/>\n\t<meta property=\"og:image:width\" content=\"580\" \/>\n\t<meta property=\"og:image:height\" content=\"742\" \/>\n\t<meta property=\"og:image:type\" content=\"image\/png\" \/>\n<meta name=\"twitter:card\" content=\"summary_large_image\" \/>\n<meta name=\"twitter:label1\" content=\"Est. reading time\" \/>\n\t<meta name=\"twitter:data1\" content=\"4 minutes\" \/>\n<script type=\"application\/ld+json\" class=\"yoast-schema-graph\">{\"@context\":\"https:\/\/schema.org\",\"@graph\":[{\"@type\":\"WebPage\",\"@id\":\"https:\/\/melita-partners.com\/politika-e-cilesise\/\",\"url\":\"https:\/\/melita-partners.com\/politika-e-cilesise\/\",\"name\":\"Politika e Cil\u00ebsis\u00eb\",\"isPartOf\":{\"@id\":\"https:\/\/melita-partners.com\/#website\"},\"primaryImageOfPage\":{\"@id\":\"https:\/\/melita-partners.com\/politika-e-cilesise\/#primaryimage\"},\"image\":{\"@id\":\"https:\/\/melita-partners.com\/politika-e-cilesise\/#primaryimage\"},\"thumbnailUrl\":\"https:\/\/melita-partners.com\/wp-content\/uploads\/2025\/12\/iso_9001.png\",\"datePublished\":\"2023-09-26T08:07:18+00:00\",\"dateModified\":\"2025-12-19T11:31:58+00:00\",\"breadcrumb\":{\"@id\":\"https:\/\/melita-partners.com\/politika-e-cilesise\/#breadcrumb\"},\"inLanguage\":\"en-US\",\"potentialAction\":[{\"@type\":\"ReadAction\",\"target\":[\"https:\/\/melita-partners.com\/politika-e-cilesise\/\"]}]},{\"@type\":\"ImageObject\",\"inLanguage\":\"en-US\",\"@id\":\"https:\/\/melita-partners.com\/politika-e-cilesise\/#primaryimage\",\"url\":\"https:\/\/melita-partners.com\/wp-content\/uploads\/2025\/12\/iso_9001.png\",\"contentUrl\":\"https:\/\/melita-partners.com\/wp-content\/uploads\/2025\/12\/iso_9001.png\"},{\"@type\":\"BreadcrumbList\",\"@id\":\"https:\/\/melita-partners.com\/politika-e-cilesise\/#breadcrumb\",\"itemListElement\":[{\"@type\":\"ListItem\",\"position\":1,\"name\":\"Home\",\"item\":\"https:\/\/melita-partners.com\/\"},{\"@type\":\"ListItem\",\"position\":2,\"name\":\"Politika e Cil\u00ebsis\u00eb\"}]},{\"@type\":\"WebSite\",\"@id\":\"https:\/\/melita-partners.com\/#website\",\"url\":\"https:\/\/melita-partners.com\/\",\"name\":\"Melita&Partners\",\"description\":\"Transformimi digjital i financave n\u00eb Kosov\u00eb\",\"publisher\":{\"@id\":\"https:\/\/melita-partners.com\/#organization\"},\"potentialAction\":[{\"@type\":\"SearchAction\",\"target\":{\"@type\":\"EntryPoint\",\"urlTemplate\":\"https:\/\/melita-partners.com\/?s={search_term_string}\"},\"query-input\":{\"@type\":\"PropertyValueSpecification\",\"valueRequired\":true,\"valueName\":\"search_term_string\"}}],\"inLanguage\":\"en-US\"},{\"@type\":\"Organization\",\"@id\":\"https:\/\/melita-partners.com\/#organization\",\"name\":\"Melita&Partners\",\"url\":\"https:\/\/melita-partners.com\/\",\"logo\":{\"@type\":\"ImageObject\",\"inLanguage\":\"en-US\",\"@id\":\"https:\/\/melita-partners.com\/#\/schema\/logo\/image\/\",\"url\":\"https:\/\/melita-partners.com\/wp-content\/uploads\/2021\/01\/melita-new-green-icon@2x.png\",\"contentUrl\":\"https:\/\/melita-partners.com\/wp-content\/uploads\/2021\/01\/melita-new-green-icon@2x.png\",\"width\":240,\"height\":275,\"caption\":\"Melita&Partners\"},\"image\":{\"@id\":\"https:\/\/melita-partners.com\/#\/schema\/logo\/image\/\"},\"sameAs\":[\"https:\/\/www.facebook.com\/Melita.Partners\",\"https:\/\/www.instagram.com\/melita.partners\/\",\"https:\/\/www.linkedin.com\/company\/melita&partners\/\"]}]}<\/script>\n<!-- \/ Yoast SEO plugin. -->","yoast_head_json":{"title":"Quality Policy","robots":{"index":"noindex","follow":"follow","max-snippet":"max-snippet:-1","max-image-preview":"max-image-preview:large","max-video-preview":"max-video-preview:-1"},"og_locale":"en_US","og_type":"article","og_title":"Politika e Cil\u00ebsis\u00eb","og_url":"https:\/\/melita-partners.com\/en\/politika-e-cilesise\/","og_site_name":"Melita and Partners","article_publisher":"https:\/\/www.facebook.com\/Melita.Partners","article_modified_time":"2025-12-19T11:31:58+00:00","og_image":[{"width":580,"height":742,"url":"https:\/\/melita-partners.com\/wp-content\/uploads\/2025\/12\/iso_9001.png","type":"image\/png"}],"twitter_card":"summary_large_image","twitter_misc":{"Est. reading time":"4 minutes"},"schema":{"@context":"https:\/\/schema.org","@graph":[{"@type":"WebPage","@id":"https:\/\/melita-partners.com\/politika-e-cilesise\/","url":"https:\/\/melita-partners.com\/politika-e-cilesise\/","name":"Quality Policy","isPartOf":{"@id":"https:\/\/melita-partners.com\/#website"},"primaryImageOfPage":{"@id":"https:\/\/melita-partners.com\/politika-e-cilesise\/#primaryimage"},"image":{"@id":"https:\/\/melita-partners.com\/politika-e-cilesise\/#primaryimage"},"thumbnailUrl":"https:\/\/melita-partners.com\/wp-content\/uploads\/2025\/12\/iso_9001.png","datePublished":"2023-09-26T08:07:18+00:00","dateModified":"2025-12-19T11:31:58+00:00","breadcrumb":{"@id":"https:\/\/melita-partners.com\/politika-e-cilesise\/#breadcrumb"},"inLanguage":"en-US","potentialAction":[{"@type":"ReadAction","target":["https:\/\/melita-partners.com\/politika-e-cilesise\/"]}]},{"@type":"ImageObject","inLanguage":"en-US","@id":"https:\/\/melita-partners.com\/politika-e-cilesise\/#primaryimage","url":"https:\/\/melita-partners.com\/wp-content\/uploads\/2025\/12\/iso_9001.png","contentUrl":"https:\/\/melita-partners.com\/wp-content\/uploads\/2025\/12\/iso_9001.png"},{"@type":"BreadcrumbList","@id":"https:\/\/melita-partners.com\/politika-e-cilesise\/#breadcrumb","itemListElement":[{"@type":"ListItem","position":1,"name":"Home","item":"https:\/\/melita-partners.com\/"},{"@type":"ListItem","position":2,"name":"Politika e Cil\u00ebsis\u00eb"}]},{"@type":"WebSite","@id":"https:\/\/melita-partners.com\/#website","url":"https:\/\/melita-partners.com\/","name":"Melita&Partners","description":"Transformimi digjital i financave n\u00eb Kosov\u00eb","publisher":{"@id":"https:\/\/melita-partners.com\/#organization"},"potentialAction":[{"@type":"SearchAction","target":{"@type":"EntryPoint","urlTemplate":"https:\/\/melita-partners.com\/?s={search_term_string}"},"query-input":{"@type":"PropertyValueSpecification","valueRequired":true,"valueName":"search_term_string"}}],"inLanguage":"en-US"},{"@type":"Organization","@id":"https:\/\/melita-partners.com\/#organization","name":"Melita&Partners","url":"https:\/\/melita-partners.com\/","logo":{"@type":"ImageObject","inLanguage":"en-US","@id":"https:\/\/melita-partners.com\/#\/schema\/logo\/image\/","url":"https:\/\/melita-partners.com\/wp-content\/uploads\/2021\/01\/melita-new-green-icon@2x.png","contentUrl":"https:\/\/melita-partners.com\/wp-content\/uploads\/2021\/01\/melita-new-green-icon@2x.png","width":240,"height":275,"caption":"Melita&Partners"},"image":{"@id":"https:\/\/melita-partners.com\/#\/schema\/logo\/image\/"},"sameAs":["https:\/\/www.facebook.com\/Melita.Partners","https:\/\/www.instagram.com\/melita.partners\/","https:\/\/www.linkedin.com\/company\/melita&partners\/"]}]}},"_links":{"self":[{"href":"https:\/\/melita-partners.com\/en\/wp-json\/wp\/v2\/pages\/11720","targetHints":{"allow":["GET"]}}],"collection":[{"href":"https:\/\/melita-partners.com\/en\/wp-json\/wp\/v2\/pages"}],"about":[{"href":"https:\/\/melita-partners.com\/en\/wp-json\/wp\/v2\/types\/page"}],"author":[{"embeddable":true,"href":"https:\/\/melita-partners.com\/en\/wp-json\/wp\/v2\/users\/17"}],"replies":[{"embeddable":true,"href":"https:\/\/melita-partners.com\/en\/wp-json\/wp\/v2\/comments?post=11720"}],"version-history":[{"count":32,"href":"https:\/\/melita-partners.com\/en\/wp-json\/wp\/v2\/pages\/11720\/revisions"}],"predecessor-version":[{"id":15718,"href":"https:\/\/melita-partners.com\/en\/wp-json\/wp\/v2\/pages\/11720\/revisions\/15718"}],"wp:attachment":[{"href":"https:\/\/melita-partners.com\/en\/wp-json\/wp\/v2\/media?parent=11720"}],"curies":[{"name":"wp","href":"https:\/\/api.w.org\/{rel}","templated":true}]}}