{"id":11952,"date":"2023-09-27T16:39:57","date_gmt":"2023-09-27T16:39:57","guid":{"rendered":"https:\/\/melita-partners.com\/?page_id=11952"},"modified":"2025-12-19T11:38:29","modified_gmt":"2025-12-19T11:38:29","slug":"politika-e-sistemit-te-menaxhimit-te-sigurise-se-informacionit","status":"publish","type":"page","link":"https:\/\/melita-partners.com\/en\/politika-e-sistemit-te-menaxhimit-te-sigurise-se-informacionit\/","title":{"rendered":"Information Security Management System Policy"},"content":{"rendered":"<div data-elementor-type=\"wp-page\" data-elementor-id=\"11952\" class=\"elementor elementor-11952\" data-elementor-post-type=\"page\">\n\t\t\t\t<div class=\"elementor-element elementor-element-e379614 e-flex e-con-boxed e-con e-parent\" data-id=\"e379614\" data-element_type=\"container\" data-e-type=\"container\">\n\t\t\t\t\t<div class=\"e-con-inner\">\n\t\t\t\t<div class=\"elementor-element elementor-element-bfb7846 elementor-widget__width-initial elementor-widget-tablet__width-inherit elementor-widget-mobile__width-inherit elementor-invisible elementor-widget elementor-widget-heading\" data-id=\"bfb7846\" data-element_type=\"widget\" data-e-type=\"widget\" data-settings=\"{&quot;_animation&quot;:&quot;fadeInUp&quot;}\" data-widget_type=\"heading.default\">\n\t\t\t\t<div class=\"elementor-widget-container\">\n\t\t\t\t\t<h1 class=\"elementor-heading-title elementor-size-default\">Information Security Management System Policy<\/h1>\t\t\t\t<\/div>\n\t\t\t\t<\/div>\n\t\t\t\t<div class=\"elementor-element elementor-element-5f76960 elementor-widget elementor-widget-spacer\" data-id=\"5f76960\" data-element_type=\"widget\" data-e-type=\"widget\" data-widget_type=\"spacer.default\">\n\t\t\t\t<div class=\"elementor-widget-container\">\n\t\t\t\t\t\t\t<div class=\"elementor-spacer\">\n\t\t\t<div class=\"elementor-spacer-inner\"><\/div>\n\t\t<\/div>\n\t\t\t\t\t\t<\/div>\n\t\t\t\t<\/div>\n\t\t<div class=\"elementor-element elementor-element-c7f749f e-con-full e-flex e-con e-child\" data-id=\"c7f749f\" data-element_type=\"container\" data-e-type=\"container\">\n\t\t<div class=\"elementor-element elementor-element-5bc9fda e-con-full e-flex e-con e-child\" data-id=\"5bc9fda\" data-element_type=\"container\" data-e-type=\"container\">\n\t\t\t\t<div class=\"elementor-element elementor-element-688801e elementor-widget elementor-widget-text-editor\" data-id=\"688801e\" data-element_type=\"widget\" data-e-type=\"widget\" data-widget_type=\"text-editor.default\">\n\t\t\t\t<div class=\"elementor-widget-container\">\n\t\t\t\t\t\t\t\t\t<p>At <strong>Melita &amp; Partners<\/strong>, we uphold the policy to protect information in all forms \u2013 written, spoken, digitally recorded or printed \u2013 from accidental or intentional unauthorized modification, destruction or disclosure, or disclosure throughout its life cycle. This commitment complies with the international standard ISO\/IEC 27001:2022. To ensure comprehensive protection, we implement appropriate security measures for equipment and software involved in the processing, storage and transmission of information.<\/p><p>Additionally, our information security risk management practices adhere to the guidelines set forth in the ISO\/IEC 27005:2018 standard. Following these internationally recognized methodologies, we prioritize the confidentiality, integrity and availability of our valuable information assets.<\/p><p class=\"translation-block\">Specifically, <strong>Melita &amp; Partners<\/strong>'s SMSI is based on ISO\/IEC 27001:2022 requirements and is integrated with the quality management system based on ISO 9001:2015.<\/p><p>The objective of <strong>Melita &amp; Partners<\/strong> is to assess and validate the commitment to maintaining the confidentiality, integrity and availability of information in professional services, accounting, financial advice and consultancy, as well as the exchange of information, both within the organization and with external entities. This is achieved through a robust business continuity and traceability process that takes into account cybersecurity and privacy concerns.<\/p>\t\t\t\t\t\t\t\t<\/div>\n\t\t\t\t<\/div>\n\t\t\t\t<div class=\"elementor-element elementor-element-73244dc elementor-widget elementor-widget-text-editor\" data-id=\"73244dc\" data-element_type=\"widget\" data-e-type=\"widget\" data-widget_type=\"text-editor.default\">\n\t\t\t\t<div class=\"elementor-widget-container\">\n\t\t\t\t\t\t\t\t\t<p>All policies and procedures must be documented and made available to individuals responsible for their implementation and compliance. All activities identified by policies and procedures must also be documented. All documentation, which may be in electronic form, must be retained for at least 6 (six) years after initial creation or, in relation to policies and procedures, after changes. All documentation must be reviewed periodically to ensure adequacy, a period to be determined by the ISO Team. <strong>Melita &amp; Partners.<\/strong><\/p><p>At each department and\/or unit level, there will be the formulation of additional policies, standards and procedures to explain the implementation of this policy and set of established standards. These instructions will also address any additional functionality specific to each department's information systems. It is essential that all departmental policies align with this overarching policy. For any system introduced after the effective date of these policies, compliance with the provisions of this policy is expected, to the extent possible. Existing systems are also expected to be brought into compliance as soon as possible and practical.<\/p>\t\t\t\t\t\t\t\t<\/div>\n\t\t\t\t<\/div>\n\t\t\t\t<\/div>\n\t\t<div class=\"elementor-element elementor-element-492b6df e-con-full e-flex e-con e-child\" data-id=\"492b6df\" data-element_type=\"container\" data-e-type=\"container\">\n\t\t\t\t<div class=\"elementor-element elementor-element-c41bda1 elementor-widget__width-inherit elementor-widget elementor-widget-image\" data-id=\"c41bda1\" data-element_type=\"widget\" data-e-type=\"widget\" data-widget_type=\"image.default\">\n\t\t\t\t<div class=\"elementor-widget-container\">\n\t\t\t\t\t\t\t\t\t\t\t\t\t\t\t<img fetchpriority=\"high\" decoding=\"async\" width=\"563\" height=\"720\" src=\"https:\/\/melita-partners.com\/wp-content\/uploads\/2025\/12\/iso270001_720.png\" class=\"attachment-full size-full wp-image-15692\" alt=\"image\" srcset=\"https:\/\/melita-partners.com\/wp-content\/uploads\/2025\/12\/iso270001_720.png 563w, https:\/\/melita-partners.com\/wp-content\/uploads\/2025\/12\/iso270001_720-235x300.png 235w, https:\/\/melita-partners.com\/wp-content\/uploads\/2025\/12\/iso270001_720-9x12.png 9w\" sizes=\"(max-width: 563px) 100vw, 563px\" \/>\t\t\t\t\t\t\t\t\t\t\t\t\t\t\t<\/div>\n\t\t\t\t<\/div>\n\t\t\t\t<\/div>\n\t\t\t\t<\/div>\n\t\t\t\t\t<\/div>\n\t\t\t\t<\/div>\n\t\t<div class=\"elementor-element elementor-element-57ea4d6 e-con-full e-flex e-con e-parent\" data-id=\"57ea4d6\" data-element_type=\"container\" data-e-type=\"container\">\n\t\t<div class=\"elementor-element elementor-element-9e8ca73 e-con-full e-flex e-con e-child\" data-id=\"9e8ca73\" data-element_type=\"container\" data-e-type=\"container\">\n\t\t<div class=\"elementor-element elementor-element-61b48f0 e-con-full e-flex e-con e-child\" data-id=\"61b48f0\" data-element_type=\"container\" data-e-type=\"container\" data-settings=\"{&quot;background_background&quot;:&quot;classic&quot;}\">\n\t\t\t\t<div class=\"elementor-element elementor-element-6a9c98e elementor-widget__width-inherit elementor-invisible elementor-widget elementor-widget-heading\" data-id=\"6a9c98e\" data-element_type=\"widget\" data-e-type=\"widget\" data-settings=\"{&quot;_animation&quot;:&quot;fadeInUp&quot;}\" data-widget_type=\"heading.default\">\n\t\t\t\t<div class=\"elementor-widget-container\">\n\t\t\t\t\t<h3 class=\"elementor-heading-title elementor-size-default\">Scope<\/h3>\t\t\t\t<\/div>\n\t\t\t\t<\/div>\n\t\t<div class=\"elementor-element elementor-element-479d189 e-con-full e-flex e-con e-child\" data-id=\"479d189\" data-element_type=\"container\" data-e-type=\"container\">\n\t\t<div class=\"elementor-element elementor-element-b066bf3 e-grid e-con-full e-con e-child\" data-id=\"b066bf3\" data-element_type=\"container\" data-e-type=\"container\">\n\t\t\t\t<div class=\"elementor-element elementor-element-e333f42 elementor-view-default elementor-position-block-start elementor-mobile-position-block-start elementor-widget elementor-widget-icon-box\" data-id=\"e333f42\" data-element_type=\"widget\" data-e-type=\"widget\" data-widget_type=\"icon-box.default\">\n\t\t\t\t<div class=\"elementor-widget-container\">\n\t\t\t\t\t\t\t<div class=\"elementor-icon-box-wrapper\">\n\n\t\t\t\t\t\t<div class=\"elementor-icon-box-icon\">\n\t\t\t\t<span  class=\"elementor-icon\">\n\t\t\t\t<svg aria-hidden=\"true\" class=\"e-font-icon-svg e-far-window-minimize\" viewbox=\"0 0 512 512\" xmlns=\"http:\/\/www.w3.org\/2000\/svg\"><path d=\"M480 480H32c-17.7 0-32-14.3-32-32s14.3-32 32-32h448c17.7 0 32 14.3 32 32s-14.3 32-32 32z\"><\/path><\/svg>\t\t\t\t<\/span>\n\t\t\t<\/div>\n\t\t\t\n\t\t\t\t\t\t<div class=\"elementor-icon-box-content\">\n\n\t\t\t\t\t\t\t\t\t<h3 class=\"elementor-icon-box-title\">\n\t\t\t\t\t\t<span  >\n\t\t\t\t\t\t\tFusha e siguris\u00eb s\u00eb informacionit p\u00ebrfshin mbrojtjen e konfidencialitetit, integritetit dhe disponueshm\u00ebris\u00eb s\u00eb t\u00eb gjith\u00eb informacionit t\u00eb p\u00ebrpunuar dhe ruajtur nga Melita &amp; Partners.\t\t\t\t\t\t<\/span>\n\t\t\t\t\t<\/h3>\n\t\t\t\t\n\t\t\t\t\n\t\t\t<\/div>\n\t\t\t\n\t\t<\/div>\n\t\t\t\t\t\t<\/div>\n\t\t\t\t<\/div>\n\t\t\t\t<div class=\"elementor-element elementor-element-b30efdc elementor-view-default elementor-position-block-start elementor-mobile-position-block-start elementor-widget elementor-widget-icon-box\" data-id=\"b30efdc\" data-element_type=\"widget\" data-e-type=\"widget\" data-widget_type=\"icon-box.default\">\n\t\t\t\t<div class=\"elementor-widget-container\">\n\t\t\t\t\t\t\t<div class=\"elementor-icon-box-wrapper\">\n\n\t\t\t\t\t\t<div class=\"elementor-icon-box-icon\">\n\t\t\t\t<span  class=\"elementor-icon\">\n\t\t\t\t<svg aria-hidden=\"true\" class=\"e-font-icon-svg e-far-window-minimize\" viewbox=\"0 0 512 512\" xmlns=\"http:\/\/www.w3.org\/2000\/svg\"><path d=\"M480 480H32c-17.7 0-32-14.3-32-32s14.3-32 32-32h448c17.7 0 32 14.3 32 32s-14.3 32-32 32z\"><\/path><\/svg>\t\t\t\t<\/span>\n\t\t\t<\/div>\n\t\t\t\n\t\t\t\t\t\t<div class=\"elementor-icon-box-content\">\n\n\t\t\t\t\t\t\t\t\t<h3 class=\"elementor-icon-box-title\">\n\t\t\t\t\t\t<span  >\n\t\t\t\t\t\t\tMetodologjia p\u00ebr menaxhimin e siguris\u00eb s\u00eb informacionit n\u00eb k\u00ebt\u00eb politik\u00eb \u00ebsht\u00eb e aplikueshme p\u00ebr t\u00eb gjitha nj\u00ebsit\u00eb, pun\u00ebtor\u00ebt, kontraktor\u00ebt e tjer\u00eb t\u00eb p\u00ebrfshir\u00eb dhe t\u00eb gjith\u00eb sistemet e p\u00ebrfshira n\u00eb Melita &amp; Partners.\t\t\t\t\t\t<\/span>\n\t\t\t\t\t<\/h3>\n\t\t\t\t\n\t\t\t\t\n\t\t\t<\/div>\n\t\t\t\n\t\t<\/div>\n\t\t\t\t\t\t<\/div>\n\t\t\t\t<\/div>\n\t\t\t\t<div class=\"elementor-element elementor-element-82207fa elementor-view-default elementor-position-block-start elementor-mobile-position-block-start elementor-widget elementor-widget-icon-box\" data-id=\"82207fa\" data-element_type=\"widget\" data-e-type=\"widget\" data-widget_type=\"icon-box.default\">\n\t\t\t\t<div class=\"elementor-widget-container\">\n\t\t\t\t\t\t\t<div class=\"elementor-icon-box-wrapper\">\n\n\t\t\t\t\t\t<div class=\"elementor-icon-box-icon\">\n\t\t\t\t<span  class=\"elementor-icon\">\n\t\t\t\t<svg aria-hidden=\"true\" class=\"e-font-icon-svg e-far-window-minimize\" viewbox=\"0 0 512 512\" xmlns=\"http:\/\/www.w3.org\/2000\/svg\"><path d=\"M480 480H32c-17.7 0-32-14.3-32-32s14.3-32 32-32h448c17.7 0 32 14.3 32 32s-14.3 32-32 32z\"><\/path><\/svg>\t\t\t\t<\/span>\n\t\t\t<\/div>\n\t\t\t\n\t\t\t\t\t\t<div class=\"elementor-icon-box-content\">\n\n\t\t\t\t\t\t\t\t\t<h3 class=\"elementor-icon-box-title\">\n\t\t\t\t\t\t<span  >\n\t\t\t\t\t\t\tKjo politik\u00eb dhe t\u00eb gjitha standardet zbatohen p\u00ebr t\u00eb gjitha informacionet e mbrojtura dhe klasat e tjera t\u00eb informacionit t\u00eb mbrojtur n\u00eb \u00e7do form\u00eb si\u00e7 p\u00ebrcaktohet n\u00eb Matric\u00ebn e aprovuar t\u00eb klasifikimit t\u00eb informacionit n\u00eb Melita &amp; Partners.\t\t\t\t\t\t<\/span>\n\t\t\t\t\t<\/h3>\n\t\t\t\t\n\t\t\t\t\n\t\t\t<\/div>\n\t\t\t\n\t\t<\/div>\n\t\t\t\t\t\t<\/div>\n\t\t\t\t<\/div>\n\t\t\t\t<\/div>\n\t\t\t\t<\/div>\n\t\t<div class=\"elementor-element elementor-element-54bae0c e-con-full e-flex e-con e-child\" data-id=\"54bae0c\" data-element_type=\"container\" data-e-type=\"container\">\n\t\t\t\t<div class=\"elementor-element elementor-element-1ac1019 elementor-widget__width-initial elementor-invisible elementor-widget elementor-widget-heading\" data-id=\"1ac1019\" data-element_type=\"widget\" data-e-type=\"widget\" data-settings=\"{&quot;_animation&quot;:&quot;fadeInUp&quot;}\" data-widget_type=\"heading.default\">\n\t\t\t\t<div class=\"elementor-widget-container\">\n\t\t\t\t\t<h3 class=\"elementor-heading-title elementor-size-default\">SMSI of Melita &amp; Partners is based on ISO\/IEC 27001:2022 requirements and is integrated with the quality management system based on ISO 9001:2015.<\/h3>\t\t\t\t<\/div>\n\t\t\t\t<\/div>\n\t\t\t\t<\/div>\n\t\t\t\t<\/div>\n\t\t\t\t<div class=\"elementor-element elementor-element-84015b8 elementor-widget elementor-widget-text-editor\" data-id=\"84015b8\" data-element_type=\"widget\" data-e-type=\"widget\" data-widget_type=\"text-editor.default\">\n\t\t\t\t<div class=\"elementor-widget-container\">\n\t\t\t\t\t\t\t\t\t<p><u>The policy of our organization serves to:<\/u><\/p><ol><li>I ensure that manuals, policies, procedures, instructions and plans are clear and concise to reflect what Melita &amp; Partners is committed to accomplish;<\/li><li>Monitor and analyze performance metrics and make necessary modifications or adjustments as appropriate affecting Information Classification, Incident Management, Risk Management, Business Continuity and Information, Cyber \u200b\u200bSecurity, Privacy and\/or any related entities;<\/li><li>Educate all employees about information security, cyber security and privacy;<\/li><li>Ensuring effective external and internal communication;<\/li><li>Foster a team approach to problem solving and proactive action by empowering all employees to be quality ambassadors;<\/li><li>Implement and monitor the organization's SMSI in its culture and daily practices <strong>Melita &amp; Partners<\/strong> as a long-term commitment to the CIA's quality and protection (confidentiality, integrity, availability) of information;<\/li><li>The senior management of the organization will meet regularly with the SMSI Team representative to review and ensure the effectiveness of the Information Security Management System;<\/li><li>Adoption of good information security and data protection practices in terms of protecting the confidentiality, integrity and availability of all processed information;<\/li><li>Compliance with local and international legal requirements and other applicable requirements, continuously improve the performance of SMSI accordingly;<\/li><li>Continually improve the information security and continuity plan, aiming to increase the effectiveness of SMSI and information continuity requirements.<\/li><\/ol><p><strong><u><br \/>The management of Melita &amp; Partners is responsible for ensuring that the Information Security Management System Policy is:<\/u><\/strong><\/p><ul><li>Appropriate for the purpose of the organization;<\/li><li>Contains continuous commitment to constantly improve the effectiveness of the Integrated Management System to ensure conformity and compliance with Laws, Regulations, Administrative Instructions and Standards in Force;<\/li><li>Establishes a framework for creating and further revising the objectives of the Information Security Management System;<\/li><li>Communicated regularly within management and understood within the organization; and<\/li><li>It is regularly reviewed to enable appropriateness.<\/li><\/ul><p><u><br \/>The ISO team is responsible for ensuring that the Information Security Management System Policy is reviewed during the Management Review process.<\/u><\/p>\t\t\t\t\t\t\t\t<\/div>\n\t\t\t\t<\/div>\n\t\t\t\t<\/div>\n\t\t\t\t<\/div>\n\t\t\t\t<\/div>","protected":false},"excerpt":{"rendered":"<p>Politika e Sistemit t\u00eb Menaxhimit t\u00eb Siguris\u00eb s\u00eb Informacionit N\u00eb Melita &amp; Partners, ne mb\u00ebshtesim politik\u00ebn p\u00ebr t\u00eb mbrojtur informacionin n\u00eb t\u00eb gjitha format \u2013 t\u00eb shkruar, t\u00eb folur, t\u00eb regjistruar n\u00eb m\u00ebnyr\u00eb dixhitale ose t\u00eb shtypur \u2013 nga modifikimi, shkat\u00ebrrimi ose zbulimi aksidental ose i q\u00ebllimsh\u00ebm i paautorizuar, ose zbulimi gjat\u00eb gjith\u00eb ciklit t\u00eb [&hellip;]<\/p>\n","protected":false},"author":17,"featured_media":0,"parent":0,"menu_order":0,"comment_status":"closed","ping_status":"closed","template":"","meta":{"_acf_changed":false,"footnotes":""},"class_list":["post-11952","page","type-page","status-publish","hentry"],"acf":[],"yoast_head":"<!-- This site is optimized with the Yoast SEO plugin v27.1.1 - https:\/\/yoast.com\/product\/yoast-seo-wordpress\/ -->\n<title>Politika e Sistemit t\u00eb Menaxhimit t\u00eb Siguris\u00eb s\u00eb Informacionit<\/title>\n<meta name=\"robots\" content=\"noindex, follow, max-snippet:-1, max-image-preview:large, max-video-preview:-1\" \/>\n<meta property=\"og:locale\" content=\"en_US\" \/>\n<meta property=\"og:type\" content=\"article\" \/>\n<meta property=\"og:title\" content=\"Politika e Sistemit t\u00eb Menaxhimit t\u00eb Siguris\u00eb s\u00eb Informacionit\" \/>\n<meta property=\"og:url\" content=\"https:\/\/melita-partners.com\/en\/politika-e-sistemit-te-menaxhimit-te-sigurise-se-informacionit\/\" \/>\n<meta property=\"og:site_name\" content=\"Melita and Partners\" \/>\n<meta property=\"article:publisher\" content=\"https:\/\/www.facebook.com\/Melita.Partners\" \/>\n<meta property=\"article:modified_time\" content=\"2025-12-19T11:38:29+00:00\" \/>\n<meta property=\"og:image\" content=\"https:\/\/melita-partners.com\/wp-content\/uploads\/2025\/12\/iso270001_720.png\" \/>\n<meta name=\"twitter:card\" content=\"summary_large_image\" \/>\n<meta name=\"twitter:label1\" content=\"Est. reading time\" \/>\n\t<meta name=\"twitter:data1\" content=\"4 minutes\" \/>\n<script type=\"application\/ld+json\" class=\"yoast-schema-graph\">{\"@context\":\"https:\/\/schema.org\",\"@graph\":[{\"@type\":\"WebPage\",\"@id\":\"https:\/\/melita-partners.com\/politika-e-sistemit-te-menaxhimit-te-sigurise-se-informacionit\/\",\"url\":\"https:\/\/melita-partners.com\/politika-e-sistemit-te-menaxhimit-te-sigurise-se-informacionit\/\",\"name\":\"Politika e Sistemit t\u00eb Menaxhimit t\u00eb Siguris\u00eb s\u00eb Informacionit\",\"isPartOf\":{\"@id\":\"https:\/\/melita-partners.com\/#website\"},\"primaryImageOfPage\":{\"@id\":\"https:\/\/melita-partners.com\/politika-e-sistemit-te-menaxhimit-te-sigurise-se-informacionit\/#primaryimage\"},\"image\":{\"@id\":\"https:\/\/melita-partners.com\/politika-e-sistemit-te-menaxhimit-te-sigurise-se-informacionit\/#primaryimage\"},\"thumbnailUrl\":\"https:\/\/melita-partners.com\/wp-content\/uploads\/2025\/12\/iso270001_720.png\",\"datePublished\":\"2023-09-27T16:39:57+00:00\",\"dateModified\":\"2025-12-19T11:38:29+00:00\",\"breadcrumb\":{\"@id\":\"https:\/\/melita-partners.com\/politika-e-sistemit-te-menaxhimit-te-sigurise-se-informacionit\/#breadcrumb\"},\"inLanguage\":\"en-US\",\"potentialAction\":[{\"@type\":\"ReadAction\",\"target\":[\"https:\/\/melita-partners.com\/politika-e-sistemit-te-menaxhimit-te-sigurise-se-informacionit\/\"]}]},{\"@type\":\"ImageObject\",\"inLanguage\":\"en-US\",\"@id\":\"https:\/\/melita-partners.com\/politika-e-sistemit-te-menaxhimit-te-sigurise-se-informacionit\/#primaryimage\",\"url\":\"https:\/\/melita-partners.com\/wp-content\/uploads\/2025\/12\/iso270001_720.png\",\"contentUrl\":\"https:\/\/melita-partners.com\/wp-content\/uploads\/2025\/12\/iso270001_720.png\"},{\"@type\":\"BreadcrumbList\",\"@id\":\"https:\/\/melita-partners.com\/politika-e-sistemit-te-menaxhimit-te-sigurise-se-informacionit\/#breadcrumb\",\"itemListElement\":[{\"@type\":\"ListItem\",\"position\":1,\"name\":\"Home\",\"item\":\"https:\/\/melita-partners.com\/\"},{\"@type\":\"ListItem\",\"position\":2,\"name\":\"Politika e Sistemit t\u00eb Menaxhimit t\u00eb Siguris\u00eb s\u00eb Informacionit\"}]},{\"@type\":\"WebSite\",\"@id\":\"https:\/\/melita-partners.com\/#website\",\"url\":\"https:\/\/melita-partners.com\/\",\"name\":\"Melita&Partners\",\"description\":\"Transformimi digjital i financave n\u00eb Kosov\u00eb\",\"publisher\":{\"@id\":\"https:\/\/melita-partners.com\/#organization\"},\"potentialAction\":[{\"@type\":\"SearchAction\",\"target\":{\"@type\":\"EntryPoint\",\"urlTemplate\":\"https:\/\/melita-partners.com\/?s={search_term_string}\"},\"query-input\":{\"@type\":\"PropertyValueSpecification\",\"valueRequired\":true,\"valueName\":\"search_term_string\"}}],\"inLanguage\":\"en-US\"},{\"@type\":\"Organization\",\"@id\":\"https:\/\/melita-partners.com\/#organization\",\"name\":\"Melita&Partners\",\"url\":\"https:\/\/melita-partners.com\/\",\"logo\":{\"@type\":\"ImageObject\",\"inLanguage\":\"en-US\",\"@id\":\"https:\/\/melita-partners.com\/#\/schema\/logo\/image\/\",\"url\":\"https:\/\/melita-partners.com\/wp-content\/uploads\/2021\/01\/melita-new-green-icon@2x.png\",\"contentUrl\":\"https:\/\/melita-partners.com\/wp-content\/uploads\/2021\/01\/melita-new-green-icon@2x.png\",\"width\":240,\"height\":275,\"caption\":\"Melita&Partners\"},\"image\":{\"@id\":\"https:\/\/melita-partners.com\/#\/schema\/logo\/image\/\"},\"sameAs\":[\"https:\/\/www.facebook.com\/Melita.Partners\",\"https:\/\/www.instagram.com\/melita.partners\/\",\"https:\/\/www.linkedin.com\/company\/melita&partners\/\"]}]}<\/script>\n<!-- \/ Yoast SEO plugin. -->","yoast_head_json":{"title":"Information Security Management System Policy","robots":{"index":"noindex","follow":"follow","max-snippet":"max-snippet:-1","max-image-preview":"max-image-preview:large","max-video-preview":"max-video-preview:-1"},"og_locale":"en_US","og_type":"article","og_title":"Politika e Sistemit t\u00eb Menaxhimit t\u00eb Siguris\u00eb s\u00eb Informacionit","og_url":"https:\/\/melita-partners.com\/en\/politika-e-sistemit-te-menaxhimit-te-sigurise-se-informacionit\/","og_site_name":"Melita and Partners","article_publisher":"https:\/\/www.facebook.com\/Melita.Partners","article_modified_time":"2025-12-19T11:38:29+00:00","og_image":[{"url":"https:\/\/melita-partners.com\/wp-content\/uploads\/2025\/12\/iso270001_720.png","type":"","width":"","height":""}],"twitter_card":"summary_large_image","twitter_misc":{"Est. reading time":"4 minutes"},"schema":{"@context":"https:\/\/schema.org","@graph":[{"@type":"WebPage","@id":"https:\/\/melita-partners.com\/politika-e-sistemit-te-menaxhimit-te-sigurise-se-informacionit\/","url":"https:\/\/melita-partners.com\/politika-e-sistemit-te-menaxhimit-te-sigurise-se-informacionit\/","name":"Information Security Management System Policy","isPartOf":{"@id":"https:\/\/melita-partners.com\/#website"},"primaryImageOfPage":{"@id":"https:\/\/melita-partners.com\/politika-e-sistemit-te-menaxhimit-te-sigurise-se-informacionit\/#primaryimage"},"image":{"@id":"https:\/\/melita-partners.com\/politika-e-sistemit-te-menaxhimit-te-sigurise-se-informacionit\/#primaryimage"},"thumbnailUrl":"https:\/\/melita-partners.com\/wp-content\/uploads\/2025\/12\/iso270001_720.png","datePublished":"2023-09-27T16:39:57+00:00","dateModified":"2025-12-19T11:38:29+00:00","breadcrumb":{"@id":"https:\/\/melita-partners.com\/politika-e-sistemit-te-menaxhimit-te-sigurise-se-informacionit\/#breadcrumb"},"inLanguage":"en-US","potentialAction":[{"@type":"ReadAction","target":["https:\/\/melita-partners.com\/politika-e-sistemit-te-menaxhimit-te-sigurise-se-informacionit\/"]}]},{"@type":"ImageObject","inLanguage":"en-US","@id":"https:\/\/melita-partners.com\/politika-e-sistemit-te-menaxhimit-te-sigurise-se-informacionit\/#primaryimage","url":"https:\/\/melita-partners.com\/wp-content\/uploads\/2025\/12\/iso270001_720.png","contentUrl":"https:\/\/melita-partners.com\/wp-content\/uploads\/2025\/12\/iso270001_720.png"},{"@type":"BreadcrumbList","@id":"https:\/\/melita-partners.com\/politika-e-sistemit-te-menaxhimit-te-sigurise-se-informacionit\/#breadcrumb","itemListElement":[{"@type":"ListItem","position":1,"name":"Home","item":"https:\/\/melita-partners.com\/"},{"@type":"ListItem","position":2,"name":"Politika e Sistemit t\u00eb Menaxhimit t\u00eb Siguris\u00eb s\u00eb Informacionit"}]},{"@type":"WebSite","@id":"https:\/\/melita-partners.com\/#website","url":"https:\/\/melita-partners.com\/","name":"Melita&Partners","description":"Transformimi digjital i financave n\u00eb Kosov\u00eb","publisher":{"@id":"https:\/\/melita-partners.com\/#organization"},"potentialAction":[{"@type":"SearchAction","target":{"@type":"EntryPoint","urlTemplate":"https:\/\/melita-partners.com\/?s={search_term_string}"},"query-input":{"@type":"PropertyValueSpecification","valueRequired":true,"valueName":"search_term_string"}}],"inLanguage":"en-US"},{"@type":"Organization","@id":"https:\/\/melita-partners.com\/#organization","name":"Melita&Partners","url":"https:\/\/melita-partners.com\/","logo":{"@type":"ImageObject","inLanguage":"en-US","@id":"https:\/\/melita-partners.com\/#\/schema\/logo\/image\/","url":"https:\/\/melita-partners.com\/wp-content\/uploads\/2021\/01\/melita-new-green-icon@2x.png","contentUrl":"https:\/\/melita-partners.com\/wp-content\/uploads\/2021\/01\/melita-new-green-icon@2x.png","width":240,"height":275,"caption":"Melita&Partners"},"image":{"@id":"https:\/\/melita-partners.com\/#\/schema\/logo\/image\/"},"sameAs":["https:\/\/www.facebook.com\/Melita.Partners","https:\/\/www.instagram.com\/melita.partners\/","https:\/\/www.linkedin.com\/company\/melita&partners\/"]}]}},"_links":{"self":[{"href":"https:\/\/melita-partners.com\/en\/wp-json\/wp\/v2\/pages\/11952","targetHints":{"allow":["GET"]}}],"collection":[{"href":"https:\/\/melita-partners.com\/en\/wp-json\/wp\/v2\/pages"}],"about":[{"href":"https:\/\/melita-partners.com\/en\/wp-json\/wp\/v2\/types\/page"}],"author":[{"embeddable":true,"href":"https:\/\/melita-partners.com\/en\/wp-json\/wp\/v2\/users\/17"}],"replies":[{"embeddable":true,"href":"https:\/\/melita-partners.com\/en\/wp-json\/wp\/v2\/comments?post=11952"}],"version-history":[{"count":19,"href":"https:\/\/melita-partners.com\/en\/wp-json\/wp\/v2\/pages\/11952\/revisions"}],"predecessor-version":[{"id":15721,"href":"https:\/\/melita-partners.com\/en\/wp-json\/wp\/v2\/pages\/11952\/revisions\/15721"}],"wp:attachment":[{"href":"https:\/\/melita-partners.com\/en\/wp-json\/wp\/v2\/media?parent=11952"}],"curies":[{"name":"wp","href":"https:\/\/api.w.org\/{rel}","templated":true}]}}