{"id":13420,"date":"2023-10-17T21:41:08","date_gmt":"2023-10-17T21:41:08","guid":{"rendered":"https:\/\/melita-partners.com\/?page_id=13420"},"modified":"2024-10-08T11:14:10","modified_gmt":"2024-10-08T11:14:10","slug":"imprint","status":"publish","type":"page","link":"https:\/\/melita-partners.com\/en\/imprint\/","title":{"rendered":"Imprint"},"content":{"rendered":"<div data-elementor-type=\"wp-page\" data-elementor-id=\"13420\" class=\"elementor elementor-13420\" data-elementor-post-type=\"page\">\n\t\t\t\t<div class=\"elementor-element elementor-element-dba0a49 e-flex e-con-boxed e-con e-parent\" data-id=\"dba0a49\" data-element_type=\"container\" data-e-type=\"container\">\n\t\t\t\t\t<div class=\"e-con-inner\">\n\t\t\t\t<div class=\"elementor-element elementor-element-6e045235 elementor-widget elementor-widget-text-editor\" data-id=\"6e045235\" data-element_type=\"widget\" data-e-type=\"widget\" data-widget_type=\"text-editor.default\">\n\t\t\t\t<div class=\"elementor-widget-container\">\n\t\t\t\t\t\t\t\t\t\n<h2 class=\"wp-block-heading\">Company Information<\/h2>\n\n<ul class=\"wp-block-list\">\n<li>Full name of the company:<\/li>\n\n<li>Legal form of the company (e.g., LLC, Inc.): L.L.C.<\/li>\n\n<li>Address of the company headquarters: Str. Tirana no. 31, Arting Building Floor XII, no 33, 10000, Pristina<\/li>\n\n<li>Contact details including telephone number and email address\u00a0 <a href=\"tel:+38344198098\" target=\"_blank\" rel=\"noreferrer noopener\">+38344198098<\/a>\u00a0<a href=\"mailto:info@melita-partners.com\" target=\"_blank\" rel=\"noreferrer noopener\">info@melita-partners.com<\/a><\/li>\n<\/ul>\n\n<h2 class=\"wp-block-heading\">Legal Representatives<\/h2>\n\n<ul class=\"wp-block-list\">\n<li>Names of the managing directors or the owner:  Melita Ymeraga<\/li>\n\n<li>If applicable, the name of the authorized representative: Arben Ymeraga<\/li>\n<\/ul>\n\n<h2 class=\"wp-block-heading\">Registration Information<\/h2>\n\n<ul class=\"wp-block-list\">\n<li>Commercial register number: 810198300<\/li>\n\n<li>Place of registration (e.g., the name of the city where the company is registered): Pristina<\/li>\n<\/ul>\n\n<h2 class=\"wp-block-heading\">Regulatory Authority<\/h2>\n\n<ul class=\"wp-block-list\">\n<li>If the company is subject to regulatory oversight, provide the name of the responsible regulatory authority. N\/A<\/li>\n<\/ul>\n\n<h2 class=\"wp-block-heading\">VAT Identification Number<\/h2>\n\n<ul class=\"wp-block-list\">\n<li>If applicable, provide the VAT identification number:  330314302<\/li>\n<\/ul>\n\n<h2 class=\"wp-block-heading\">Professional Liability Insurance<\/h2>\n\n<ul class=\"wp-block-list\">\n<li>Information about the company\u2019s professional liability insurance including the name of the insurer and the geographical scope: N\/A<\/li>\n<\/ul>\n\t\t\t\t\t\t\t\t<\/div>\n\t\t\t\t<\/div>\n\t\t\t\t\t<\/div>\n\t\t\t\t<\/div>\n\t\t\t\t<\/div>","protected":false},"excerpt":{"rendered":"<p>Informacion mbi Kompanin\u00eb P\u00ebrfaq\u00ebsuesit Ligjor Informacioni i Regjistrimit Autoriteti Rregullativ Numri i identifikimit t\u00eb TVSH-s\u00eb Sigurimi i P\u00ebrgjegj\u00ebsis\u00eb Profesionale<\/p>","protected":false},"author":17,"featured_media":0,"parent":0,"menu_order":0,"comment_status":"closed","ping_status":"closed","template":"","meta":{"_acf_changed":false,"footnotes":""},"class_list":["post-13420","page","type-page","status-publish","hentry"],"acf":[],"yoast_head":"<!-- This site is optimized with the Yoast SEO plugin v27.1.1 - https:\/\/yoast.com\/product\/yoast-seo-wordpress\/ -->\n<title>Imprint<\/title>\n<meta name=\"robots\" content=\"noindex, follow, max-snippet:-1, max-image-preview:large, max-video-preview:-1\" \/>\n<meta property=\"og:locale\" content=\"en_US\" \/>\n<meta property=\"og:type\" content=\"article\" \/>\n<meta property=\"og:title\" content=\"Imprint\" \/>\n<meta property=\"og:url\" content=\"https:\/\/melita-partners.com\/en\/imprint\/\" \/>\n<meta property=\"og:site_name\" content=\"Melita and Partners\" \/>\n<meta property=\"article:publisher\" content=\"https:\/\/www.facebook.com\/Melita.Partners\" \/>\n<meta property=\"article:modified_time\" content=\"2024-10-08T11:14:10+00:00\" \/>\n<meta property=\"og:image\" content=\"https:\/\/melita-partners.com\/wp-content\/uploads\/2023\/09\/melita-cover_future-accounting1.png\" \/>\n\t<meta property=\"og:image:width\" content=\"1705\" \/>\n\t<meta property=\"og:image:height\" content=\"1007\" \/>\n\t<meta property=\"og:image:type\" content=\"image\/png\" \/>\n<meta name=\"twitter:card\" content=\"summary_large_image\" \/>\n<meta name=\"twitter:label1\" content=\"Est. reading time\" \/>\n\t<meta name=\"twitter:data1\" content=\"1 minute\" \/>\n<script type=\"application\/ld+json\" class=\"yoast-schema-graph\">{\"@context\":\"https:\/\/schema.org\",\"@graph\":[{\"@type\":\"WebPage\",\"@id\":\"https:\/\/melita-partners.com\/sq\/imprint\/\",\"url\":\"https:\/\/melita-partners.com\/sq\/imprint\/\",\"name\":\"Imprint\",\"isPartOf\":{\"@id\":\"https:\/\/melita-partners.com\/#website\"},\"datePublished\":\"2023-10-17T21:41:08+00:00\",\"dateModified\":\"2024-10-08T11:14:10+00:00\",\"breadcrumb\":{\"@id\":\"https:\/\/melita-partners.com\/sq\/imprint\/#breadcrumb\"},\"inLanguage\":\"en-US\",\"potentialAction\":[{\"@type\":\"ReadAction\",\"target\":[\"https:\/\/melita-partners.com\/sq\/imprint\/\"]}]},{\"@type\":\"BreadcrumbList\",\"@id\":\"https:\/\/melita-partners.com\/sq\/imprint\/#breadcrumb\",\"itemListElement\":[{\"@type\":\"ListItem\",\"position\":1,\"name\":\"Home\",\"item\":\"https:\/\/melita-partners.com\/\"},{\"@type\":\"ListItem\",\"position\":2,\"name\":\"Imprint\"}]},{\"@type\":\"WebSite\",\"@id\":\"https:\/\/melita-partners.com\/#website\",\"url\":\"https:\/\/melita-partners.com\/\",\"name\":\"Melita&Partners\",\"description\":\"Transformimi digjital i financave n\u00eb Kosov\u00eb\",\"publisher\":{\"@id\":\"https:\/\/melita-partners.com\/#organization\"},\"potentialAction\":[{\"@type\":\"SearchAction\",\"target\":{\"@type\":\"EntryPoint\",\"urlTemplate\":\"https:\/\/melita-partners.com\/?s={search_term_string}\"},\"query-input\":{\"@type\":\"PropertyValueSpecification\",\"valueRequired\":true,\"valueName\":\"search_term_string\"}}],\"inLanguage\":\"en-US\"},{\"@type\":\"Organization\",\"@id\":\"https:\/\/melita-partners.com\/#organization\",\"name\":\"Melita&Partners\",\"url\":\"https:\/\/melita-partners.com\/\",\"logo\":{\"@type\":\"ImageObject\",\"inLanguage\":\"en-US\",\"@id\":\"https:\/\/melita-partners.com\/#\/schema\/logo\/image\/\",\"url\":\"https:\/\/melita-partners.com\/wp-content\/uploads\/2021\/01\/melita-new-green-icon@2x.png\",\"contentUrl\":\"https:\/\/melita-partners.com\/wp-content\/uploads\/2021\/01\/melita-new-green-icon@2x.png\",\"width\":240,\"height\":275,\"caption\":\"Melita&Partners\"},\"image\":{\"@id\":\"https:\/\/melita-partners.com\/#\/schema\/logo\/image\/\"},\"sameAs\":[\"https:\/\/www.facebook.com\/Melita.Partners\",\"https:\/\/www.instagram.com\/melita.partners\/\",\"https:\/\/www.linkedin.com\/company\/melita&partners\/\"]}]}<\/script>\n<!-- \/ Yoast SEO plugin. -->","yoast_head_json":{"title":"Imprint","robots":{"index":"noindex","follow":"follow","max-snippet":"max-snippet:-1","max-image-preview":"max-image-preview:large","max-video-preview":"max-video-preview:-1"},"og_locale":"en_US","og_type":"article","og_title":"Imprint","og_url":"https:\/\/melita-partners.com\/en\/imprint\/","og_site_name":"Melita and Partners","article_publisher":"https:\/\/www.facebook.com\/Melita.Partners","article_modified_time":"2024-10-08T11:14:10+00:00","og_image":[{"width":1705,"height":1007,"url":"https:\/\/melita-partners.com\/wp-content\/uploads\/2023\/09\/melita-cover_future-accounting1.png","type":"image\/png"}],"twitter_card":"summary_large_image","twitter_misc":{"Est. reading time":"1 minute"},"schema":{"@context":"https:\/\/schema.org","@graph":[{"@type":"WebPage","@id":"https:\/\/melita-partners.com\/sq\/imprint\/","url":"https:\/\/melita-partners.com\/sq\/imprint\/","name":"Imprint","isPartOf":{"@id":"https:\/\/melita-partners.com\/#website"},"datePublished":"2023-10-17T21:41:08+00:00","dateModified":"2024-10-08T11:14:10+00:00","breadcrumb":{"@id":"https:\/\/melita-partners.com\/sq\/imprint\/#breadcrumb"},"inLanguage":"en-US","potentialAction":[{"@type":"ReadAction","target":["https:\/\/melita-partners.com\/sq\/imprint\/"]}]},{"@type":"BreadcrumbList","@id":"https:\/\/melita-partners.com\/sq\/imprint\/#breadcrumb","itemListElement":[{"@type":"ListItem","position":1,"name":"Home","item":"https:\/\/melita-partners.com\/"},{"@type":"ListItem","position":2,"name":"Imprint"}]},{"@type":"WebSite","@id":"https:\/\/melita-partners.com\/#website","url":"https:\/\/melita-partners.com\/","name":"Melita&Partners","description":"Transformimi digjital i financave n\u00eb Kosov\u00eb","publisher":{"@id":"https:\/\/melita-partners.com\/#organization"},"potentialAction":[{"@type":"SearchAction","target":{"@type":"EntryPoint","urlTemplate":"https:\/\/melita-partners.com\/?s={search_term_string}"},"query-input":{"@type":"PropertyValueSpecification","valueRequired":true,"valueName":"search_term_string"}}],"inLanguage":"en-US"},{"@type":"Organization","@id":"https:\/\/melita-partners.com\/#organization","name":"Melita&Partners","url":"https:\/\/melita-partners.com\/","logo":{"@type":"ImageObject","inLanguage":"en-US","@id":"https:\/\/melita-partners.com\/#\/schema\/logo\/image\/","url":"https:\/\/melita-partners.com\/wp-content\/uploads\/2021\/01\/melita-new-green-icon@2x.png","contentUrl":"https:\/\/melita-partners.com\/wp-content\/uploads\/2021\/01\/melita-new-green-icon@2x.png","width":240,"height":275,"caption":"Melita&Partners"},"image":{"@id":"https:\/\/melita-partners.com\/#\/schema\/logo\/image\/"},"sameAs":["https:\/\/www.facebook.com\/Melita.Partners","https:\/\/www.instagram.com\/melita.partners\/","https:\/\/www.linkedin.com\/company\/melita&partners\/"]}]}},"_links":{"self":[{"href":"https:\/\/melita-partners.com\/en\/wp-json\/wp\/v2\/pages\/13420","targetHints":{"allow":["GET"]}}],"collection":[{"href":"https:\/\/melita-partners.com\/en\/wp-json\/wp\/v2\/pages"}],"about":[{"href":"https:\/\/melita-partners.com\/en\/wp-json\/wp\/v2\/types\/page"}],"author":[{"embeddable":true,"href":"https:\/\/melita-partners.com\/en\/wp-json\/wp\/v2\/users\/17"}],"replies":[{"embeddable":true,"href":"https:\/\/melita-partners.com\/en\/wp-json\/wp\/v2\/comments?post=13420"}],"version-history":[{"count":4,"href":"https:\/\/melita-partners.com\/en\/wp-json\/wp\/v2\/pages\/13420\/revisions"}],"predecessor-version":[{"id":15193,"href":"https:\/\/melita-partners.com\/en\/wp-json\/wp\/v2\/pages\/13420\/revisions\/15193"}],"wp:attachment":[{"href":"https:\/\/melita-partners.com\/en\/wp-json\/wp\/v2\/media?parent=13420"}],"curies":[{"name":"wp","href":"https:\/\/api.w.org\/{rel}","templated":true}]}}