{"id":13838,"date":"2023-10-31T20:58:14","date_gmt":"2023-10-31T20:58:14","guid":{"rendered":"https:\/\/melita-partners.com\/?page_id=13838"},"modified":"2023-10-31T20:58:16","modified_gmt":"2023-10-31T20:58:16","slug":"transformimi-i-proceseve-financiare-per-axians-ne-kosove","status":"publish","type":"page","link":"https:\/\/melita-partners.com\/en\/transformimi-i-proceseve-financiare-per-axians-ne-kosove\/","title":{"rendered":"Transformation of Financial Processes for Axians in Kosovo"},"content":{"rendered":"","protected":false},"excerpt":{"rendered":"","protected":false},"author":17,"featured_media":0,"parent":0,"menu_order":0,"comment_status":"closed","ping_status":"closed","template":"","meta":{"_acf_changed":false,"footnotes":""},"class_list":["post-13838","page","type-page","status-publish","hentry"],"acf":[],"yoast_head":"<!-- This site is optimized with the Yoast SEO plugin v27.1.1 - https:\/\/yoast.com\/product\/yoast-seo-wordpress\/ -->\n<title>Transformimi i Proceseve Financiare p\u00ebr Axians n\u00eb Kosov\u00eb<\/title>\n<meta name=\"robots\" content=\"noindex, follow, max-snippet:-1, max-image-preview:large, max-video-preview:-1\" \/>\n<meta property=\"og:locale\" content=\"en_US\" \/>\n<meta property=\"og:type\" content=\"article\" \/>\n<meta property=\"og:title\" content=\"Transformimi i Proceseve Financiare p\u00ebr Axians n\u00eb Kosov\u00eb\" \/>\n<meta property=\"og:url\" content=\"https:\/\/melita-partners.com\/en\/transformimi-i-proceseve-financiare-per-axians-ne-kosove\/\" \/>\n<meta property=\"og:site_name\" content=\"Melita and Partners\" \/>\n<meta property=\"article:publisher\" content=\"https:\/\/www.facebook.com\/Melita.Partners\" \/>\n<meta property=\"article:modified_time\" content=\"2023-10-31T20:58:16+00:00\" \/>\n<meta property=\"og:image\" content=\"https:\/\/melita-partners.com\/wp-content\/uploads\/2023\/09\/melita-cover_future-accounting1.png\" \/>\n\t<meta property=\"og:image:width\" content=\"1705\" \/>\n\t<meta property=\"og:image:height\" content=\"1007\" \/>\n\t<meta property=\"og:image:type\" content=\"image\/png\" \/>\n<meta name=\"twitter:card\" content=\"summary_large_image\" \/>\n<script type=\"application\/ld+json\" class=\"yoast-schema-graph\">{\"@context\":\"https:\/\/schema.org\",\"@graph\":[{\"@type\":\"WebPage\",\"@id\":\"https:\/\/melita-partners.com\/transformimi-i-proceseve-financiare-per-axians-ne-kosove\/\",\"url\":\"https:\/\/melita-partners.com\/transformimi-i-proceseve-financiare-per-axians-ne-kosove\/\",\"name\":\"Transformimi i Proceseve Financiare p\u00ebr Axians n\u00eb Kosov\u00eb\",\"isPartOf\":{\"@id\":\"https:\/\/melita-partners.com\/#website\"},\"datePublished\":\"2023-10-31T20:58:14+00:00\",\"dateModified\":\"2023-10-31T20:58:16+00:00\",\"breadcrumb\":{\"@id\":\"https:\/\/melita-partners.com\/transformimi-i-proceseve-financiare-per-axians-ne-kosove\/#breadcrumb\"},\"inLanguage\":\"en-US\",\"potentialAction\":[{\"@type\":\"ReadAction\",\"target\":[\"https:\/\/melita-partners.com\/transformimi-i-proceseve-financiare-per-axians-ne-kosove\/\"]}]},{\"@type\":\"BreadcrumbList\",\"@id\":\"https:\/\/melita-partners.com\/transformimi-i-proceseve-financiare-per-axians-ne-kosove\/#breadcrumb\",\"itemListElement\":[{\"@type\":\"ListItem\",\"position\":1,\"name\":\"Home\",\"item\":\"https:\/\/melita-partners.com\/\"},{\"@type\":\"ListItem\",\"position\":2,\"name\":\"Transformimi i Proceseve Financiare p\u00ebr Axians n\u00eb Kosov\u00eb\"}]},{\"@type\":\"WebSite\",\"@id\":\"https:\/\/melita-partners.com\/#website\",\"url\":\"https:\/\/melita-partners.com\/\",\"name\":\"Melita&Partners\",\"description\":\"Transformimi digjital i financave n\u00eb Kosov\u00eb\",\"publisher\":{\"@id\":\"https:\/\/melita-partners.com\/#organization\"},\"potentialAction\":[{\"@type\":\"SearchAction\",\"target\":{\"@type\":\"EntryPoint\",\"urlTemplate\":\"https:\/\/melita-partners.com\/?s={search_term_string}\"},\"query-input\":{\"@type\":\"PropertyValueSpecification\",\"valueRequired\":true,\"valueName\":\"search_term_string\"}}],\"inLanguage\":\"en-US\"},{\"@type\":\"Organization\",\"@id\":\"https:\/\/melita-partners.com\/#organization\",\"name\":\"Melita&Partners\",\"url\":\"https:\/\/melita-partners.com\/\",\"logo\":{\"@type\":\"ImageObject\",\"inLanguage\":\"en-US\",\"@id\":\"https:\/\/melita-partners.com\/#\/schema\/logo\/image\/\",\"url\":\"https:\/\/melita-partners.com\/wp-content\/uploads\/2021\/01\/melita-new-green-icon@2x.png\",\"contentUrl\":\"https:\/\/melita-partners.com\/wp-content\/uploads\/2021\/01\/melita-new-green-icon@2x.png\",\"width\":240,\"height\":275,\"caption\":\"Melita&Partners\"},\"image\":{\"@id\":\"https:\/\/melita-partners.com\/#\/schema\/logo\/image\/\"},\"sameAs\":[\"https:\/\/www.facebook.com\/Melita.Partners\",\"https:\/\/www.instagram.com\/melita.partners\/\",\"https:\/\/www.linkedin.com\/company\/melita&partners\/\"]}]}<\/script>\n<!-- \/ Yoast SEO plugin. -->","yoast_head_json":{"title":"Transformation of Financial Processes for Axians in Kosovo","robots":{"index":"noindex","follow":"follow","max-snippet":"max-snippet:-1","max-image-preview":"max-image-preview:large","max-video-preview":"max-video-preview:-1"},"og_locale":"en_US","og_type":"article","og_title":"Transformimi i Proceseve Financiare p\u00ebr Axians n\u00eb Kosov\u00eb","og_url":"https:\/\/melita-partners.com\/en\/transformimi-i-proceseve-financiare-per-axians-ne-kosove\/","og_site_name":"Melita and Partners","article_publisher":"https:\/\/www.facebook.com\/Melita.Partners","article_modified_time":"2023-10-31T20:58:16+00:00","og_image":[{"width":1705,"height":1007,"url":"https:\/\/melita-partners.com\/wp-content\/uploads\/2023\/09\/melita-cover_future-accounting1.png","type":"image\/png"}],"twitter_card":"summary_large_image","schema":{"@context":"https:\/\/schema.org","@graph":[{"@type":"WebPage","@id":"https:\/\/melita-partners.com\/transformimi-i-proceseve-financiare-per-axians-ne-kosove\/","url":"https:\/\/melita-partners.com\/transformimi-i-proceseve-financiare-per-axians-ne-kosove\/","name":"Transformation of Financial Processes for Axians in Kosovo","isPartOf":{"@id":"https:\/\/melita-partners.com\/#website"},"datePublished":"2023-10-31T20:58:14+00:00","dateModified":"2023-10-31T20:58:16+00:00","breadcrumb":{"@id":"https:\/\/melita-partners.com\/transformimi-i-proceseve-financiare-per-axians-ne-kosove\/#breadcrumb"},"inLanguage":"en-US","potentialAction":[{"@type":"ReadAction","target":["https:\/\/melita-partners.com\/transformimi-i-proceseve-financiare-per-axians-ne-kosove\/"]}]},{"@type":"BreadcrumbList","@id":"https:\/\/melita-partners.com\/transformimi-i-proceseve-financiare-per-axians-ne-kosove\/#breadcrumb","itemListElement":[{"@type":"ListItem","position":1,"name":"Home","item":"https:\/\/melita-partners.com\/"},{"@type":"ListItem","position":2,"name":"Transformimi i Proceseve Financiare p\u00ebr Axians n\u00eb Kosov\u00eb"}]},{"@type":"WebSite","@id":"https:\/\/melita-partners.com\/#website","url":"https:\/\/melita-partners.com\/","name":"Melita&Partners","description":"Transformimi digjital i financave n\u00eb Kosov\u00eb","publisher":{"@id":"https:\/\/melita-partners.com\/#organization"},"potentialAction":[{"@type":"SearchAction","target":{"@type":"EntryPoint","urlTemplate":"https:\/\/melita-partners.com\/?s={search_term_string}"},"query-input":{"@type":"PropertyValueSpecification","valueRequired":true,"valueName":"search_term_string"}}],"inLanguage":"en-US"},{"@type":"Organization","@id":"https:\/\/melita-partners.com\/#organization","name":"Melita&Partners","url":"https:\/\/melita-partners.com\/","logo":{"@type":"ImageObject","inLanguage":"en-US","@id":"https:\/\/melita-partners.com\/#\/schema\/logo\/image\/","url":"https:\/\/melita-partners.com\/wp-content\/uploads\/2021\/01\/melita-new-green-icon@2x.png","contentUrl":"https:\/\/melita-partners.com\/wp-content\/uploads\/2021\/01\/melita-new-green-icon@2x.png","width":240,"height":275,"caption":"Melita&Partners"},"image":{"@id":"https:\/\/melita-partners.com\/#\/schema\/logo\/image\/"},"sameAs":["https:\/\/www.facebook.com\/Melita.Partners","https:\/\/www.instagram.com\/melita.partners\/","https:\/\/www.linkedin.com\/company\/melita&partners\/"]}]}},"_links":{"self":[{"href":"https:\/\/melita-partners.com\/en\/wp-json\/wp\/v2\/pages\/13838","targetHints":{"allow":["GET"]}}],"collection":[{"href":"https:\/\/melita-partners.com\/en\/wp-json\/wp\/v2\/pages"}],"about":[{"href":"https:\/\/melita-partners.com\/en\/wp-json\/wp\/v2\/types\/page"}],"author":[{"embeddable":true,"href":"https:\/\/melita-partners.com\/en\/wp-json\/wp\/v2\/users\/17"}],"replies":[{"embeddable":true,"href":"https:\/\/melita-partners.com\/en\/wp-json\/wp\/v2\/comments?post=13838"}],"version-history":[{"count":2,"href":"https:\/\/melita-partners.com\/en\/wp-json\/wp\/v2\/pages\/13838\/revisions"}],"predecessor-version":[{"id":13840,"href":"https:\/\/melita-partners.com\/en\/wp-json\/wp\/v2\/pages\/13838\/revisions\/13840"}],"wp:attachment":[{"href":"https:\/\/melita-partners.com\/en\/wp-json\/wp\/v2\/media?parent=13838"}],"curies":[{"name":"wp","href":"https:\/\/api.w.org\/{rel}","templated":true}]}}