{"id":8980,"date":"2023-09-03T18:25:11","date_gmt":"2023-09-03T18:25:11","guid":{"rendered":"https:\/\/melita-partners.com\/?page_id=8980"},"modified":"2025-06-13T09:56:45","modified_gmt":"2025-06-13T09:56:45","slug":"kontakti","status":"publish","type":"page","link":"https:\/\/melita-partners.com\/en\/kontakti\/","title":{"rendered":"Contact"},"content":{"rendered":"\t\t<div data-elementor-type=\"wp-page\" data-elementor-id=\"8980\" class=\"elementor elementor-8980\" data-elementor-post-type=\"page\">\n\t\t\t\t<div class=\"elementor-element elementor-element-543ef7f1 e-flex e-con-boxed e-con e-parent\" data-id=\"543ef7f1\" data-element_type=\"container\" data-e-type=\"container\" data-settings=\"{&quot;background_background&quot;:&quot;classic&quot;}\">\n\t\t\t\t\t<div class=\"e-con-inner\">\n\t\t<div class=\"elementor-element elementor-element-8b080c8 e-con-full e-flex e-con e-child\" data-id=\"8b080c8\" data-element_type=\"container\" data-e-type=\"container\">\n\t\t\t\t<div class=\"elementor-element elementor-element-6166a4c7 animated-slow elementor-invisible elementor-widget elementor-widget-heading\" data-id=\"6166a4c7\" data-element_type=\"widget\" data-e-type=\"widget\" data-settings=\"{&quot;_animation&quot;:&quot;slideInUp&quot;}\" data-widget_type=\"heading.default\">\n\t\t\t\t<div class=\"elementor-widget-container\">\n\t\t\t\t\t<h4 class=\"elementor-heading-title elementor-size-default\">Do t\u00eb donim t\u00eb d\u00ebgjonim nga ju<\/h4>\t\t\t\t<\/div>\n\t\t\t\t<\/div>\n\t\t\t\t<div class=\"elementor-element elementor-element-1e420480 elementor-widget elementor-widget-heading\" data-id=\"1e420480\" data-element_type=\"widget\" data-e-type=\"widget\" data-widget_type=\"heading.default\">\n\t\t\t\t<div class=\"elementor-widget-container\">\n\t\t\t\t\t<h1 class=\"elementor-heading-title elementor-size-default\">Lidhu me Melita&amp;Partners p\u00ebr nevojat tuaja t\u00eb kontabilitetit<\/h1>\t\t\t\t<\/div>\n\t\t\t\t<\/div>\n\t\t\t\t<div class=\"elementor-element elementor-element-89a2910 elementor-widget-divider--view-line elementor-widget elementor-widget-divider\" data-id=\"89a2910\" data-element_type=\"widget\" data-e-type=\"widget\" data-widget_type=\"divider.default\">\n\t\t\t\t<div class=\"elementor-widget-container\">\n\t\t\t\t\t\t\t<div class=\"elementor-divider\">\n\t\t\t<span class=\"elementor-divider-separator\">\n\t\t\t\t\t\t<\/span>\n\t\t<\/div>\n\t\t\t\t\t\t<\/div>\n\t\t\t\t<\/div>\n\t\t\t\t<\/div>\n\t\t<div class=\"elementor-element elementor-element-791c815c e-con-full e-flex e-con e-child\" data-id=\"791c815c\" data-element_type=\"container\" data-e-type=\"container\">\n\t\t<div class=\"elementor-element elementor-element-3aa0ac1d e-con-full e-flex e-con e-child\" data-id=\"3aa0ac1d\" data-element_type=\"container\" data-e-type=\"container\">\n\t\t\t\t<div class=\"elementor-element elementor-element-2667a190 elementor-widget__width-initial elementor-widget-tablet__width-initial elementor-widget elementor-widget-icon-box\" data-id=\"2667a190\" data-element_type=\"widget\" data-e-type=\"widget\" data-widget_type=\"icon-box.default\">\n\t\t\t\t<div class=\"elementor-widget-container\">\n\t\t\t\t\t\t\t<div class=\"elementor-icon-box-wrapper\">\n\n\t\t\t\n\t\t\t\t\t\t<div class=\"elementor-icon-box-content\">\n\n\t\t\t\t\t\t\t\t\t<h3 class=\"elementor-icon-box-title\">\n\t\t\t\t\t\t<span  >\n\t\t\t\t\t\t\tQ\u00ebndroni t\u00eb lidhur\t\t\t\t\t\t<\/span>\n\t\t\t\t\t<\/h3>\n\t\t\t\t\n\t\t\t\t\t\t\t\t\t<p class=\"elementor-icon-box-description\">\n\t\t\t\t\t\t+383 (44) 198 098<BR>\ninfo@melita-partners.com\t\t\t\t\t<\/p>\n\t\t\t\t\n\t\t\t<\/div>\n\t\t\t\n\t\t<\/div>\n\t\t\t\t\t\t<\/div>\n\t\t\t\t<\/div>\n\t\t\t\t<div class=\"elementor-element elementor-element-3e0bec56 elementor-widget__width-initial elementor-widget-tablet__width-initial elementor-widget elementor-widget-icon-box\" data-id=\"3e0bec56\" data-element_type=\"widget\" data-e-type=\"widget\" data-widget_type=\"icon-box.default\">\n\t\t\t\t<div class=\"elementor-widget-container\">\n\t\t\t\t\t\t\t<div class=\"elementor-icon-box-wrapper\">\n\n\t\t\t\n\t\t\t\t\t\t<div class=\"elementor-icon-box-content\">\n\n\t\t\t\t\t\t\t\t\t<h3 class=\"elementor-icon-box-title\">\n\t\t\t\t\t\t<span  >\n\t\t\t\t\t\t\tOr\u00ebt e pun\u00ebs\t\t\t\t\t\t<\/span>\n\t\t\t\t\t<\/h3>\n\t\t\t\t\n\t\t\t\t\t\t\t\t\t<p class=\"elementor-icon-box-description\">\n\t\t\t\t\t\tH\u00ebne-Premte: 9am- 5pm\t\t\t\t\t<\/p>\n\t\t\t\t\n\t\t\t<\/div>\n\t\t\t\n\t\t<\/div>\n\t\t\t\t\t\t<\/div>\n\t\t\t\t<\/div>\n\t\t\t\t<div class=\"elementor-element elementor-element-4e27461a elementor-widget__width-initial elementor-widget-tablet__width-initial elementor-widget elementor-widget-icon-box\" data-id=\"4e27461a\" data-element_type=\"widget\" data-e-type=\"widget\" data-widget_type=\"icon-box.default\">\n\t\t\t\t<div class=\"elementor-widget-container\">\n\t\t\t\t\t\t\t<div class=\"elementor-icon-box-wrapper\">\n\n\t\t\t\n\t\t\t\t\t\t<div class=\"elementor-icon-box-content\">\n\n\t\t\t\t\t\t\t\t\t<h3 class=\"elementor-icon-box-title\">\n\t\t\t\t\t\t<span  >\n\t\t\t\t\t\t\tNa gjeni k\u00ebtu\t\t\t\t\t\t<\/span>\n\t\t\t\t\t<\/h3>\n\t\t\t\t\n\t\t\t\t\t\t\t\t\t<p class=\"elementor-icon-box-description\">\n\t\t\t\t\t\tRruga Tirana nr.31, Lakrishte, Objekti Arting, Kati XII, Nr.33, Prishtina, Kosova\t\t\t\t\t<\/p>\n\t\t\t\t\n\t\t\t<\/div>\n\t\t\t\n\t\t<\/div>\n\t\t\t\t\t\t<\/div>\n\t\t\t\t<\/div>\n\t\t\t\t<\/div>\n\t\t\t\t<\/div>\n\t\t<div class=\"elementor-element elementor-element-8842888 e-con-full e-flex e-con e-child\" data-id=\"8842888\" data-element_type=\"container\" data-e-type=\"container\">\n\t\t<div class=\"elementor-element elementor-element-4deba43d e-con-full e-flex e-con e-child\" data-id=\"4deba43d\" data-element_type=\"container\" data-e-type=\"container\">\n\t\t\t\t<div class=\"elementor-element elementor-element-4c8ed813 elementor-widget__width-initial elementor-widget elementor-widget-heading\" data-id=\"4c8ed813\" data-element_type=\"widget\" data-e-type=\"widget\" data-widget_type=\"heading.default\">\n\t\t\t\t<div class=\"elementor-widget-container\">\n\t\t\t\t\t<h2 class=\"elementor-heading-title elementor-size-default\">B\u00ebni hapin e par\u00eb, ne do t\u00eb kujdesemi p\u00ebr t\u00eb tjerat<\/h2>\t\t\t\t<\/div>\n\t\t\t\t<\/div>\n\t\t\t\t<div class=\"elementor-element elementor-element-3cf0dfe9 elementor-button-align-start elementor-tablet-button-align-stretch elementor-widget elementor-widget-form\" data-id=\"3cf0dfe9\" data-element_type=\"widget\" data-e-type=\"widget\" data-settings=\"{&quot;button_width_tablet&quot;:&quot;100&quot;,&quot;step_next_label&quot;:&quot;Next&quot;,&quot;step_previous_label&quot;:&quot;Previous&quot;,&quot;button_width&quot;:&quot;100&quot;,&quot;step_type&quot;:&quot;number_text&quot;,&quot;step_icon_shape&quot;:&quot;circle&quot;}\" data-widget_type=\"form.default\">\n\t\t\t\t<div class=\"elementor-widget-container\">\n\t\t\t\t\t\t\t<form class=\"elementor-form\" method=\"post\" name=\"Contact Us\" aria-label=\"Contact Us\">\n\t\t\t<input type=\"hidden\" name=\"post_id\" value=\"8980\"\/>\n\t\t\t<input type=\"hidden\" name=\"form_id\" value=\"3cf0dfe9\"\/>\n\t\t\t<input type=\"hidden\" name=\"referer_title\" value=\"Kontakti | Melita and Partners\" \/>\n\n\t\t\t\t\t\t\t<input type=\"hidden\" name=\"queried_id\" value=\"8980\"\/>\n\t\t\t\n\t\t\t<div class=\"elementor-form-fields-wrapper elementor-labels-\">\n\t\t\t\t\t\t\t\t<div class=\"elementor-field-type-text elementor-field-group elementor-column elementor-field-group-name elementor-col-100 elementor-md-50\">\n\t\t\t\t\t\t\t\t\t\t\t\t<label for=\"form-field-name\" class=\"elementor-field-label elementor-screen-only\">\n\t\t\t\t\t\t\t\tEmri i plot\u00eb\t\t\t\t\t\t\t<\/label>\n\t\t\t\t\t\t\t\t\t\t\t\t\t\t<input size=\"1\" type=\"text\" name=\"form_fields[name]\" id=\"form-field-name\" class=\"elementor-field elementor-size-sm  elementor-field-textual\" placeholder=\"Emri i plot\u00eb\">\n\t\t\t\t\t\t\t\t\t\t\t<\/div>\n\t\t\t\t\t\t\t\t<div class=\"elementor-field-type-tel elementor-field-group elementor-column elementor-field-group-field_719ed13 elementor-col-100 elementor-md-50 elementor-field-required\">\n\t\t\t\t\t\t\t\t\t\t\t\t<label for=\"form-field-field_719ed13\" class=\"elementor-field-label elementor-screen-only\">\n\t\t\t\t\t\t\t\tNumri i Telefonit\t\t\t\t\t\t\t<\/label>\n\t\t\t\t\t\t\t\t<input size=\"1\" type=\"tel\" name=\"form_fields[field_719ed13]\" id=\"form-field-field_719ed13\" class=\"elementor-field elementor-size-sm  elementor-field-textual\" placeholder=\"Numri i Telefonit\" required=\"required\" pattern=\"[0-9()#&amp;+*-=.]+\" title=\"Only numbers and phone characters (#, -, *, etc) are accepted.\">\n\n\t\t\t\t\t\t<\/div>\n\t\t\t\t\t\t\t\t<div class=\"elementor-field-type-email elementor-field-group elementor-column elementor-field-group-email elementor-col-100 elementor-md-100 elementor-field-required\">\n\t\t\t\t\t\t\t\t\t\t\t\t<label for=\"form-field-email\" class=\"elementor-field-label elementor-screen-only\">\n\t\t\t\t\t\t\t\tEmail Adresa\t\t\t\t\t\t\t<\/label>\n\t\t\t\t\t\t\t\t\t\t\t\t\t\t<input size=\"1\" type=\"email\" name=\"form_fields[email]\" id=\"form-field-email\" class=\"elementor-field elementor-size-sm  elementor-field-textual\" placeholder=\"Email Adresa\" required=\"required\">\n\t\t\t\t\t\t\t\t\t\t\t<\/div>\n\t\t\t\t\t\t\t\t<div class=\"elementor-field-type-recaptcha elementor-field-group elementor-column elementor-field-group-field_33859f7 elementor-col-100\">\n\t\t\t\t\t<div class=\"elementor-field\" id=\"form-field-field_33859f7\"><div class=\"elementor-g-recaptcha\" data-sitekey=\"6LecgF8rAAAAAJPugT1oW7bx_U1E9Ai8cdgrH4EN\" data-type=\"v2_checkbox\" data-theme=\"light\" data-size=\"normal\"><\/div><\/div>\t\t\t\t<\/div>\n\t\t\t\t\t\t\t\t<div class=\"elementor-field-group elementor-column elementor-field-type-submit elementor-col-100 e-form__buttons elementor-md-100\">\n\t\t\t\t\t<button class=\"elementor-button elementor-size-sm elementor-animation-grow\" type=\"submit\">\n\t\t\t\t\t\t<span class=\"elementor-button-content-wrapper\">\n\t\t\t\t\t\t\t\t\t\t\t\t\t\t\t\t\t\t\t\t\t\t<span class=\"elementor-button-text\">Le t\u00eb flasim<\/span>\n\t\t\t\t\t\t\t\t\t\t\t\t\t<\/span>\n\t\t\t\t\t<\/button>\n\t\t\t\t<\/div>\n\t\t\t<\/div>\n\t\t<\/form>\n\t\t\t\t\t\t<\/div>\n\t\t\t\t<\/div>\n\t\t\t\t<\/div>\n\t\t<div class=\"elementor-element elementor-element-38451a0 e-con-full e-flex e-con e-child\" data-id=\"38451a0\" data-element_type=\"container\" data-e-type=\"container\">\n\t\t\t\t<div class=\"elementor-element elementor-element-6b813de elementor-widget elementor-widget-google_maps\" data-id=\"6b813de\" data-element_type=\"widget\" data-e-type=\"widget\" data-widget_type=\"google_maps.default\">\n\t\t\t\t<div class=\"elementor-widget-container\">\n\t\t\t\t\t\t\t<div class=\"elementor-custom-embed\">\n\t\t\t<iframe loading=\"lazy\"\n\t\t\t\t\tsrc=\"https:\/\/maps.google.com\/maps?q=Melita%26Partners%2C%20Lakrishte&#038;t=m&#038;z=19&#038;output=embed&#038;iwloc=near\"\n\t\t\t\t\ttitle=\"Melita&amp;Partners, Lakrishte\"\n\t\t\t\t\taria-label=\"Melita&amp;Partners, Lakrishte\"\n\t\t\t><\/iframe>\n\t\t<\/div>\n\t\t\t\t\t\t<\/div>\n\t\t\t\t<\/div>\n\t\t\t\t<\/div>\n\t\t\t\t<\/div>\n\t\t\t\t\t<\/div>\n\t\t\t\t<\/div>\n\t\t<div class=\"elementor-element elementor-element-32a83f55 e-flex e-con-boxed e-con e-parent\" data-id=\"32a83f55\" data-element_type=\"container\" data-e-type=\"container\">\n\t\t\t\t\t<div class=\"e-con-inner\">\n\t\t<div class=\"elementor-element elementor-element-74e3aa03 e-con-full e-flex elementor-invisible e-con e-child\" data-id=\"74e3aa03\" data-element_type=\"container\" data-e-type=\"container\" data-settings=\"{&quot;animation&quot;:&quot;fadeInUp&quot;,&quot;animation_delay&quot;:&quot;100&quot;}\">\n\t\t\t\t<div class=\"elementor-element elementor-element-2f8ddc9b elementor-widget__width-inherit elementor-widget-widescreen__width-initial elementor-widget elementor-widget-image\" data-id=\"2f8ddc9b\" data-element_type=\"widget\" data-e-type=\"widget\" data-widget_type=\"image.default\">\n\t\t\t\t<div class=\"elementor-widget-container\">\n\t\t\t\t\t\t\t\t\t\t\t\t\t\t\t<img fetchpriority=\"high\" decoding=\"async\" width=\"1705\" height=\"1138\" src=\"https:\/\/melita-partners.com\/wp-content\/uploads\/2023\/09\/melita-partners-future-accounting.png\" class=\"attachment-full size-full wp-image-11170\" alt=\"cloud accounting, digital accounting, digital transformation, accounting, accounting in the cloud, no more papers, man in virtual reality, peace of mind, two men in laptops\" srcset=\"https:\/\/melita-partners.com\/wp-content\/uploads\/2023\/09\/melita-partners-future-accounting.png 1705w, https:\/\/melita-partners.com\/wp-content\/uploads\/2023\/09\/melita-partners-future-accounting-300x200.png 300w, https:\/\/melita-partners.com\/wp-content\/uploads\/2023\/09\/melita-partners-future-accounting-1024x683.png 1024w, https:\/\/melita-partners.com\/wp-content\/uploads\/2023\/09\/melita-partners-future-accounting-768x513.png 768w, https:\/\/melita-partners.com\/wp-content\/uploads\/2023\/09\/melita-partners-future-accounting-1536x1025.png 1536w, https:\/\/melita-partners.com\/wp-content\/uploads\/2023\/09\/melita-partners-future-accounting-18x12.png 18w\" sizes=\"(max-width: 1705px) 100vw, 1705px\" \/>\t\t\t\t\t\t\t\t\t\t\t\t\t\t\t<\/div>\n\t\t\t\t<\/div>\n\t\t<div class=\"elementor-element elementor-element-241e4d02 e-con-full e-flex e-con e-child\" data-id=\"241e4d02\" data-element_type=\"container\" data-e-type=\"container\">\n\t\t\t\t<div class=\"elementor-element elementor-element-6c23fa75 elementor-widget elementor-widget-heading\" data-id=\"6c23fa75\" data-element_type=\"widget\" data-e-type=\"widget\" data-widget_type=\"heading.default\">\n\t\t\t\t<div class=\"elementor-widget-container\">\n\t\t\t\t\t<h2 class=\"elementor-heading-title elementor-size-default\">Caktoni nj\u00eb takim me ekipin ton\u00eb<\/h2>\t\t\t\t<\/div>\n\t\t\t\t<\/div>\n\t\t\t\t<div class=\"elementor-element elementor-element-7f8f5e48 elementor-align-center elementor-widget__width-auto elementor-hidden-widescreen elementor-hidden-desktop elementor-hidden-laptop elementor-hidden-tablet_extra elementor-hidden-tablet elementor-hidden-mobile_extra elementor-hidden-mobile elementor-widget elementor-widget-button\" data-id=\"7f8f5e48\" data-element_type=\"widget\" data-e-type=\"widget\" data-widget_type=\"button.default\">\n\t\t\t\t<div class=\"elementor-widget-container\">\n\t\t\t\t\t\t\t\t\t<div class=\"elementor-button-wrapper\">\n\t\t\t\t\t<a class=\"elementor-button elementor-button-link elementor-size-sm\" href=\"#elementor-action%3Aaction%3Dpopup%3Aopen%26settings%3DeyJpZCI6IjEwMDMzIiwidG9nZ2xlIjp0cnVlfQ%3D%3D\">\n\t\t\t\t\t\t<span class=\"elementor-button-content-wrapper\">\n\t\t\t\t\t\t\t\t\t<span class=\"elementor-button-text\">K\u00ebrko takim<\/span>\n\t\t\t\t\t<\/span>\n\t\t\t\t\t<\/a>\n\t\t\t\t<\/div>\n\t\t\t\t\t\t\t\t<\/div>\n\t\t\t\t<\/div>\n\t\t\t\t<div class=\"elementor-element elementor-element-bc47a61 elementor-widget elementor-widget-html\" data-id=\"bc47a61\" data-element_type=\"widget\" data-e-type=\"widget\" data-widget_type=\"html.default\">\n\t\t\t\t<div class=\"elementor-widget-container\">\n\t\t\t\t\t<!-- Calendly link widget begin -->\r\n<link href=\"https:\/\/assets.calendly.com\/assets\/external\/widget.css\" rel=\"stylesheet\">\r\n<script src=\"https:\/\/assets.calendly.com\/assets\/external\/widget.js\" type=\"text\/javascript\" async><\/script>\r\n\r\n<a href=\"\" onclick=\"Calendly.initPopupWidget({url: 'https:\/\/calendly.com\/melitay\/30min'});return false;\" style=\"\r\n    background-color: #00C756;\r\n    color: white;\r\n    font-family: 'Poppins', sans-serif;\r\n    font-size: 1em;\r\n    font-weight: 500;\r\n    text-align: center;\r\n    padding: 10px 20px;\r\n    border-radius: 5px;\r\n    text-decoration: none;\r\n    display: inline-block;\">\r\n    K\u00ebrko takim\r\n<\/a>\r\n<!-- Calendly link widget end -->\r\n\t\t\t\t<\/div>\n\t\t\t\t<\/div>\n\t\t\t\t<\/div>\n\t\t\t\t<\/div>\n\t\t\t\t\t<\/div>\n\t\t\t\t<\/div>\n\t\t\t\t<\/div>\n\t\t","protected":false},"excerpt":{"rendered":"<p>Do t\u00eb donim t\u00eb d\u00ebgjonim nga ju Lidhu me Melita&amp;Partners p\u00ebr nevojat tuaja t\u00eb kontabilitetit Q\u00ebndroni t\u00eb lidhur +383 (44) 198 098 info@melita-partners.com Or\u00ebt e pun\u00ebs H\u00ebne-Premte: 9am- 5pm Na gjeni k\u00ebtu Rruga Tirana nr.31, Lakrishte, Objekti Arting, Kati XII, Nr.33, Prishtina, Kosova B\u00ebni hapin e par\u00eb, ne do t\u00eb kujdesemi p\u00ebr t\u00eb tjerat Caktoni [&hellip;]<\/p>\n","protected":false},"author":17,"featured_media":0,"parent":0,"menu_order":0,"comment_status":"closed","ping_status":"closed","template":"","meta":{"_acf_changed":false,"footnotes":""},"class_list":["post-8980","page","type-page","status-publish","hentry"],"acf":[],"yoast_head":"<!-- This site is optimized with the Yoast SEO plugin v27.1.1 - https:\/\/yoast.com\/product\/yoast-seo-wordpress\/ -->\n<title>Kontakti | Melita and Partners<\/title>\n<meta name=\"description\" content=\"Reach out to Melita&amp;Partners for personalized accounting solutions. Take the first step towards financial excellence with us today.\" \/>\n<meta name=\"robots\" content=\"noindex, follow, max-snippet:-1, max-image-preview:large, max-video-preview:-1\" \/>\n<meta property=\"og:locale\" content=\"en_US\" \/>\n<meta property=\"og:type\" content=\"article\" \/>\n<meta property=\"og:title\" content=\"Kontakti | Melita and Partners\" \/>\n<meta property=\"og:description\" content=\"Reach out to Melita&amp;Partners for personalized accounting solutions. Take the first step towards financial excellence with us today.\" \/>\n<meta property=\"og:url\" content=\"https:\/\/melita-partners.com\/en\/kontakti\/\" \/>\n<meta property=\"og:site_name\" content=\"Melita and Partners\" \/>\n<meta property=\"article:publisher\" content=\"https:\/\/www.facebook.com\/Melita.Partners\" \/>\n<meta property=\"article:modified_time\" content=\"2025-06-13T09:56:45+00:00\" \/>\n<meta property=\"og:image\" content=\"https:\/\/melita-partners.com\/wp-content\/uploads\/2023\/09\/melita-partners-future-accounting.png\" \/>\n\t<meta property=\"og:image:width\" content=\"1705\" \/>\n\t<meta property=\"og:image:height\" content=\"1138\" \/>\n\t<meta property=\"og:image:type\" content=\"image\/png\" \/>\n<meta name=\"twitter:card\" content=\"summary_large_image\" \/>\n<meta name=\"twitter:label1\" content=\"Est. reading time\" \/>\n\t<meta name=\"twitter:data1\" content=\"1 minute\" \/>\n<script type=\"application\/ld+json\" class=\"yoast-schema-graph\">{\"@context\":\"https:\/\/schema.org\",\"@graph\":[{\"@type\":\"WebPage\",\"@id\":\"https:\/\/melita-partners.com\/kontakti\/\",\"url\":\"https:\/\/melita-partners.com\/kontakti\/\",\"name\":\"Kontakti | Melita and Partners\",\"isPartOf\":{\"@id\":\"https:\/\/melita-partners.com\/#website\"},\"primaryImageOfPage\":{\"@id\":\"https:\/\/melita-partners.com\/kontakti\/#primaryimage\"},\"image\":{\"@id\":\"https:\/\/melita-partners.com\/kontakti\/#primaryimage\"},\"thumbnailUrl\":\"https:\/\/melita-partners.com\/wp-content\/uploads\/2023\/09\/melita-partners-future-accounting.png\",\"datePublished\":\"2023-09-03T18:25:11+00:00\",\"dateModified\":\"2025-06-13T09:56:45+00:00\",\"description\":\"Reach out to Melita&Partners for personalized accounting solutions. Take the first step towards financial excellence with us today.\",\"breadcrumb\":{\"@id\":\"https:\/\/melita-partners.com\/kontakti\/#breadcrumb\"},\"inLanguage\":\"en-US\",\"potentialAction\":[{\"@type\":\"ReadAction\",\"target\":[\"https:\/\/melita-partners.com\/kontakti\/\"]}]},{\"@type\":\"ImageObject\",\"inLanguage\":\"en-US\",\"@id\":\"https:\/\/melita-partners.com\/kontakti\/#primaryimage\",\"url\":\"https:\/\/melita-partners.com\/wp-content\/uploads\/2023\/09\/melita-partners-future-accounting.png\",\"contentUrl\":\"https:\/\/melita-partners.com\/wp-content\/uploads\/2023\/09\/melita-partners-future-accounting.png\"},{\"@type\":\"BreadcrumbList\",\"@id\":\"https:\/\/melita-partners.com\/kontakti\/#breadcrumb\",\"itemListElement\":[{\"@type\":\"ListItem\",\"position\":1,\"name\":\"Home\",\"item\":\"https:\/\/melita-partners.com\/\"},{\"@type\":\"ListItem\",\"position\":2,\"name\":\"Kontakti\"}]},{\"@type\":\"WebSite\",\"@id\":\"https:\/\/melita-partners.com\/#website\",\"url\":\"https:\/\/melita-partners.com\/\",\"name\":\"Melita&Partners\",\"description\":\"Transformimi digjital i financave n\u00eb Kosov\u00eb\",\"publisher\":{\"@id\":\"https:\/\/melita-partners.com\/#organization\"},\"potentialAction\":[{\"@type\":\"SearchAction\",\"target\":{\"@type\":\"EntryPoint\",\"urlTemplate\":\"https:\/\/melita-partners.com\/?s={search_term_string}\"},\"query-input\":{\"@type\":\"PropertyValueSpecification\",\"valueRequired\":true,\"valueName\":\"search_term_string\"}}],\"inLanguage\":\"en-US\"},{\"@type\":\"Organization\",\"@id\":\"https:\/\/melita-partners.com\/#organization\",\"name\":\"Melita&Partners\",\"url\":\"https:\/\/melita-partners.com\/\",\"logo\":{\"@type\":\"ImageObject\",\"inLanguage\":\"en-US\",\"@id\":\"https:\/\/melita-partners.com\/#\/schema\/logo\/image\/\",\"url\":\"https:\/\/melita-partners.com\/wp-content\/uploads\/2021\/01\/melita-new-green-icon@2x.png\",\"contentUrl\":\"https:\/\/melita-partners.com\/wp-content\/uploads\/2021\/01\/melita-new-green-icon@2x.png\",\"width\":240,\"height\":275,\"caption\":\"Melita&Partners\"},\"image\":{\"@id\":\"https:\/\/melita-partners.com\/#\/schema\/logo\/image\/\"},\"sameAs\":[\"https:\/\/www.facebook.com\/Melita.Partners\",\"https:\/\/www.instagram.com\/melita.partners\/\",\"https:\/\/www.linkedin.com\/company\/melita&partners\/\"]}]}<\/script>\n<!-- \/ Yoast SEO plugin. -->","yoast_head_json":{"title":"Kontakti | Melita and Partners","description":"Reach out to Melita&Partners for personalized accounting solutions. Take the first step towards financial excellence with us today.","robots":{"index":"noindex","follow":"follow","max-snippet":"max-snippet:-1","max-image-preview":"max-image-preview:large","max-video-preview":"max-video-preview:-1"},"og_locale":"en_US","og_type":"article","og_title":"Kontakti | Melita and Partners","og_description":"Reach out to Melita&Partners for personalized accounting solutions. Take the first step towards financial excellence with us today.","og_url":"https:\/\/melita-partners.com\/en\/kontakti\/","og_site_name":"Melita and Partners","article_publisher":"https:\/\/www.facebook.com\/Melita.Partners","article_modified_time":"2025-06-13T09:56:45+00:00","og_image":[{"width":1705,"height":1138,"url":"https:\/\/melita-partners.com\/wp-content\/uploads\/2023\/09\/melita-partners-future-accounting.png","type":"image\/png"}],"twitter_card":"summary_large_image","twitter_misc":{"Est. reading time":"1 minute"},"schema":{"@context":"https:\/\/schema.org","@graph":[{"@type":"WebPage","@id":"https:\/\/melita-partners.com\/kontakti\/","url":"https:\/\/melita-partners.com\/kontakti\/","name":"Kontakti | Melita and Partners","isPartOf":{"@id":"https:\/\/melita-partners.com\/#website"},"primaryImageOfPage":{"@id":"https:\/\/melita-partners.com\/kontakti\/#primaryimage"},"image":{"@id":"https:\/\/melita-partners.com\/kontakti\/#primaryimage"},"thumbnailUrl":"https:\/\/melita-partners.com\/wp-content\/uploads\/2023\/09\/melita-partners-future-accounting.png","datePublished":"2023-09-03T18:25:11+00:00","dateModified":"2025-06-13T09:56:45+00:00","description":"Reach out to Melita&Partners for personalized accounting solutions. Take the first step towards financial excellence with us today.","breadcrumb":{"@id":"https:\/\/melita-partners.com\/kontakti\/#breadcrumb"},"inLanguage":"en-US","potentialAction":[{"@type":"ReadAction","target":["https:\/\/melita-partners.com\/kontakti\/"]}]},{"@type":"ImageObject","inLanguage":"en-US","@id":"https:\/\/melita-partners.com\/kontakti\/#primaryimage","url":"https:\/\/melita-partners.com\/wp-content\/uploads\/2023\/09\/melita-partners-future-accounting.png","contentUrl":"https:\/\/melita-partners.com\/wp-content\/uploads\/2023\/09\/melita-partners-future-accounting.png"},{"@type":"BreadcrumbList","@id":"https:\/\/melita-partners.com\/kontakti\/#breadcrumb","itemListElement":[{"@type":"ListItem","position":1,"name":"Home","item":"https:\/\/melita-partners.com\/"},{"@type":"ListItem","position":2,"name":"Kontakti"}]},{"@type":"WebSite","@id":"https:\/\/melita-partners.com\/#website","url":"https:\/\/melita-partners.com\/","name":"Melita&Partners","description":"Transformimi digjital i financave n\u00eb Kosov\u00eb","publisher":{"@id":"https:\/\/melita-partners.com\/#organization"},"potentialAction":[{"@type":"SearchAction","target":{"@type":"EntryPoint","urlTemplate":"https:\/\/melita-partners.com\/?s={search_term_string}"},"query-input":{"@type":"PropertyValueSpecification","valueRequired":true,"valueName":"search_term_string"}}],"inLanguage":"en-US"},{"@type":"Organization","@id":"https:\/\/melita-partners.com\/#organization","name":"Melita&Partners","url":"https:\/\/melita-partners.com\/","logo":{"@type":"ImageObject","inLanguage":"en-US","@id":"https:\/\/melita-partners.com\/#\/schema\/logo\/image\/","url":"https:\/\/melita-partners.com\/wp-content\/uploads\/2021\/01\/melita-new-green-icon@2x.png","contentUrl":"https:\/\/melita-partners.com\/wp-content\/uploads\/2021\/01\/melita-new-green-icon@2x.png","width":240,"height":275,"caption":"Melita&Partners"},"image":{"@id":"https:\/\/melita-partners.com\/#\/schema\/logo\/image\/"},"sameAs":["https:\/\/www.facebook.com\/Melita.Partners","https:\/\/www.instagram.com\/melita.partners\/","https:\/\/www.linkedin.com\/company\/melita&partners\/"]}]}},"_links":{"self":[{"href":"https:\/\/melita-partners.com\/en\/wp-json\/wp\/v2\/pages\/8980","targetHints":{"allow":["GET"]}}],"collection":[{"href":"https:\/\/melita-partners.com\/en\/wp-json\/wp\/v2\/pages"}],"about":[{"href":"https:\/\/melita-partners.com\/en\/wp-json\/wp\/v2\/types\/page"}],"author":[{"embeddable":true,"href":"https:\/\/melita-partners.com\/en\/wp-json\/wp\/v2\/users\/17"}],"replies":[{"embeddable":true,"href":"https:\/\/melita-partners.com\/en\/wp-json\/wp\/v2\/comments?post=8980"}],"version-history":[{"count":140,"href":"https:\/\/melita-partners.com\/en\/wp-json\/wp\/v2\/pages\/8980\/revisions"}],"predecessor-version":[{"id":15631,"href":"https:\/\/melita-partners.com\/en\/wp-json\/wp\/v2\/pages\/8980\/revisions\/15631"}],"wp:attachment":[{"href":"https:\/\/melita-partners.com\/en\/wp-json\/wp\/v2\/media?parent=8980"}],"curies":[{"name":"wp","href":"https:\/\/api.w.org\/{rel}","templated":true}]}}